{"id":369,"date":"2018-11-30T07:54:26","date_gmt":"2018-11-30T06:54:26","guid":{"rendered":"https:\/\/www.toni-alm.at\/?page_id=369"},"modified":"2022-03-29T09:39:40","modified_gmt":"2022-03-29T07:39:40","slug":"die-alm","status":"publish","type":"page","link":"https:\/\/www.toni-alm.at\/de\/","title":{"rendered":"Die Alm"},"content":{"rendered":"<div id='fullscreen_slider_1'  class='avia-fullscreen-slider main_color   avia-builder-el-0  el_before_av_one_full  avia-builder-el-first   container_wrap sidebar_right'  ><a href='#next-section' title='' class='scroll-down-link av-control-default' aria-hidden='true' data-av_icon='\ue877' data-av_iconfont='entypo-fontello'><\/a><div   data-size='extra_large'  data-lightbox_size='large'  data-animation='slide'  data-conditional_play=''  data-ids=',397,1080,402,611'  data-video_counter='1'  data-autoplay='true'  data-bg_slider='true'  data-slide_height='100'  data-handle='av_fullscreen'  data-interval='6'  data-class=' '  data-el_id=''  data-css_id='fullscreen_slider_1'  data-scroll_down='aviaTBscroll_down'  data-control_layout='av-control-default'  data-custom_markup=''  data-perma_caption=''  data-autoplay_stopper=''  data-image_attachment=''  data-min_height='0px'  data-lazy_loading='disabled'  data-stretch=''  data-img_scrset=''  data-default-height='100'  class='avia-slideshow avia-slideshow-1 av-slider-scroll-down-active av-control-default av-default-height-applied avia-slideshow-extra_large av_fullscreen   avia-slide-slider '  itemprop=\"image\" itemscope=\"itemscope\" itemtype=\"https:\/\/schema.org\/ImageObject\" ><ul class='avia-slideshow-inner ' style='padding-bottom: 100%;' ><li  data-controls='aviaTBaviaTBvideo_controls' data-mute='aviaTBaviaTBvideo_mute' data-loop='' data-disable-autoplay=''  data-mobile-img='https:\/\/www.toni-alm.at\/wp-content\/uploads\/2018\/12\/Toni-Alm-Berge-1500x844.jpg' data-fallback-link='https:\/\/www.youtube.com\/watch?v=GRUKMxTRex8' class=' av-video-slide av-element-cover av-video-service-youtube  av-hide-video-controls av-mute-video av-mobile-fallback-image  slide-1 ' ><div data-rel='slideshow-1' class='avia-slide-wrap ' style='background-image:url(\"https:\/\/www.toni-alm.at\/wp-content\/uploads\/2018\/12\/Toni-Alm-Berge-1500x844.jpg\");'  ><div class='av-click-overlay'><\/div><div class='mejs-mediaelement'  itemprop=\"video\" itemtype=\"https:\/\/schema.org\/VideoObject\" ><div height='1600' width='900' class='av_youtube_frame' id='player_369_193136124_1755907423'  data-autoplay='0'  data-videoid='GRUKMxTRex8'  data-hd='1'  data-rel='0'  data-wmode='opaque'  data-loop='0'  data-version='3'  data-autohide='1'  data-color='white'  data-controls='0'  data-iv_load_policy='3'  data-original_url='https:\/\/www.youtube.com\/watch?v=GRUKMxTRex8' ><\/div><\/div><div class='av-click-to-play-overlay'><div class=\"avia_playpause_icon\"><\/div><\/div><\/div><\/li><li style='background-position:center center;' data-img-url='https:\/\/www.toni-alm.at\/wp-content\/uploads\/2018\/11\/Toni-Alm-Ansicht-1500x844.jpg' class=' slide-2 ' ><div data-rel='slideshow-1' class='avia-slide-wrap '   ><div class = \"caption_fullwidth av-slideshow-caption caption_bottom\"><div class = \"container caption_container\"><div class = \"slideshow_caption\"><div class = \"slideshow_inner_caption\"><div class = \"slideshow_align_caption\"><h2  style='font-size:40px; ' class='avia-caption-title  '  itemprop=\"name\" >Wo Feste gefeiert werden und Skifahrer geniessen!<\/h2><\/div><\/div><\/div><\/div><\/div><div class='av-click-to-play-overlay'><div class=\"avia_playpause_icon\"><\/div><\/div><\/div><\/li><li style='background-position:center center;' data-img-url='https:\/\/www.toni-alm.at\/wp-content\/uploads\/2020\/01\/IMG_5978-1500x844.jpg' class=' slide-3 ' ><div data-rel='slideshow-1' class='avia-slide-wrap '   ><div class='av-click-to-play-overlay'><div class=\"avia_playpause_icon\"><\/div><\/div><\/div><\/li><li style='background-position:center center;' data-img-url='https:\/\/www.toni-alm.at\/wp-content\/uploads\/2018\/11\/Toni-Alm-Ansicht-Sommer-1500x844.jpg' class=' slide-4 ' ><div data-rel='slideshow-1' class='avia-slide-wrap '   ><div class='av-click-to-play-overlay'><div class=\"avia_playpause_icon\"><\/div><\/div><\/div><\/li><li style='background-position:center center;' data-img-url='https:\/\/www.toni-alm.at\/wp-content\/uploads\/2018\/12\/Toni-Alm-3-1500x844.jpg' class=' slide-5 ' ><div data-rel='slideshow-1' class='avia-slide-wrap '   ><div class='av-click-to-play-overlay'><div class=\"avia_playpause_icon\"><\/div><\/div><\/div><\/li><\/ul><div class='avia-slideshow-arrows avia-slideshow-controls' ><a href='#prev' class='prev-slide ' aria-hidden='true' data-av_icon='\ue87c' data-av_iconfont='entypo-fontello'  tabindex='-1'>Zur\u00fcck<\/a><a href='#next' class='next-slide ' aria-hidden='true' data-av_icon='\ue87d' data-av_iconfont='entypo-fontello'  tabindex='-1'>Weiter<\/a><\/div><div class='avia-slideshow-dots avia-slideshow-controls'><a href='#1' class='goto-slide active' >1<\/a><a href='#2' class='goto-slide ' >2<\/a><a href='#3' class='goto-slide ' >3<\/a><a href='#4' class='goto-slide ' >4<\/a><a href='#5' class='goto-slide ' >5<\/a><\/div><\/div><\/div><div id='after_full_slider_1'  class='main_color av_default_container_wrap container_wrap sidebar_right'  ><div class='container av-section-cont-open' ><div class='template-page content  av-content-small alpha units'><div class='post-entry post-entry-type-page post-entry-369'><div class='entry-content-wrapper clearfix'>\n\n<style type=\"text\/css\" data-created_by=\"avia_inline_auto\" id=\"style-css-av-oqpt-afe0186c0aeab6844c44411ad2bc8570\">\n.flex_column.av-oqpt-afe0186c0aeab6844c44411ad2bc8570{\nborder-radius:0px 0px 0px 0px;\n-webkit-border-radius:0px 0px 0px 0px;\n-moz-border-radius:0px 0px 0px 0px;\n}\n<\/style>\n<div class='flex_column av-oqpt-afe0186c0aeab6844c44411ad2bc8570 av_one_full  avia-builder-el-1  el_after_av_fullscreen  el_before_av_section  avia-builder-el-no-sibling  first flex_column_div  av-animated-generic top-to-bottom av-zero-column-padding '   ><section  class='av_textblock_section av-jp3tjnn3-7cbd575a7adffff2a8b5ce97b8d23138'  itemscope=\"itemscope\" itemtype=\"https:\/\/schema.org\/CreativeWork\" ><div class='avia_textblock'  itemprop=\"text\" ><h2>Willkommen auf der Toni Alm<\/h2>\n<p>Direkt an der Piste 77, der Panoramaabfahrt Kitzb\u00fcheler Alpen, liegt ein ganz besonderes Schmuckst\u00fcck. 1.530 Meter \u00fcber dem Meer entf\u00fchrt die Toni Alm jeden Winter Skifahrer und Genussspechte in eine ganz besondere Atmosph\u00e4re.<\/p>\n<p>In traditionell stilechtem Ambiente trifft man sich bereits am Vormittag zum H\u00fcttenfr\u00fchst\u00fcck oder zu \u201eAlpentapas\u201d und Kaiserschmarrn als St\u00e4rkung Zwischendurch. Doch auch f\u00fcr den gro\u00dfen Hunger bietet die K\u00fcche der Toni Alm f\u00fcr jeden Geschmack das Richtige. Abgerundet wird das <a href=\"https:\/\/www.toni-alm.at\/essen-trinken\/\">kulinarische H\u00fcttenerlebnis<\/a> mit einem exklusiven Getr\u00e4nkeangebot, das vom hauseigenen Toni Alm Br\u00e4u bis zu einer gro\u00dfen Auswahl an erlesenen Weinen reicht. In der exklusiven <a href=\"https:\/\/www.toni-alm.at\/bilder-video\/lounge\/\">Alm-Lounge<\/a> erleben Sie imposante Ausblicke \u2013 mit Rundumblick vom Gro\u00dfglockner \u00fcber den Gro\u00dfvenediger bis zum Kitzb\u00fcheler Horn. Genie\u00dfen Sie am knisternden Kaminfeuer dieses herrliche Bergpanorama.<\/p>\n<p>Kein Wunder, dass die Toni Alm auch f\u00fcr <a href=\"https:\/\/www.toni-alm.at\/events\/\">Feiern aller Art<\/a> die perfekte B\u00fchne bietet und weitum f\u00fcr ihre Professionalit\u00e4t und Qualit\u00e4t bekannt ist. Rund 90 Sitzpl\u00e4tze in der H\u00fctte und noch einmal 250 auf der gro\u00dfen Panorama-Terrasse mit traumhaften Ausblicken auf die Hohen Tauern inklusive machen jedes Fest zum Mega-Event. Hinauf geht es zu sp\u00e4terer Stunde entweder mit einer romantischen Fackelwanderung oder ganz bequem per Skidoo. F\u00fcr den Weg hinunter empfehlen wir eine lustige Rodelpartie.<\/p>\n<p style=\"color:darkred;font-weight:bold;\">Im Sommer kein Tagesbetrieb, nur Veranstaltungen!<\/p>\n<\/div><\/section><\/div><\/div><\/div><\/div><!-- close content main div --><\/div><\/div>\n<style type=\"text\/css\" data-created_by=\"avia_inline_auto\" id=\"style-css-av-jp41m66b-da4ae93310c186ee87ba9ef6fb756e93\">\n.avia-section.av-jp41m66b-da4ae93310c186ee87ba9ef6fb756e93 .av-parallax .av-parallax-inner{\nbackground-repeat:no-repeat;\nbackground-image:url(https:\/\/www.toni-alm.at\/wp-content\/uploads\/2019\/10\/Toni-Alm-Lounge-.jpg);\nbackground-position:50% 0%;\nbackground-attachment:scroll;\n}\n<\/style>\n<div id='av_section_1'  class='avia-section av-jp41m66b-da4ae93310c186ee87ba9ef6fb756e93 main_color avia-section-large avia-no-shadow  avia-builder-el-3  el_after_av_one_full  avia-builder-el-last  av-mini-hide avia-full-stretch av-parallax-section avia-bg-style-parallax av-minimum-height av-minimum-height-custom  container_wrap sidebar_right'  data-section-bg-repeat='stretch'><div class='av-parallax' data-avia-parallax-ratio='0.3' ><div class='av-parallax-inner main_color avia-full-stretch'><\/div><\/div><div class='container av-section-cont-open' style='height:500px'><div class='template-page content  av-content-small alpha units'><div class='post-entry post-entry-type-page post-entry-369'><div class='entry-content-wrapper clearfix'><\/div><\/div><\/div><!-- close content main div --><\/div><\/div><div id='after_section_1'  class='main_color av_default_container_wrap container_wrap sidebar_right'  ><div class='container av-section-cont-open' ><div class='template-page content  av-content-small alpha units'><div class='post-entry post-entry-type-page post-entry-369'><div class='entry-content-wrapper clearfix'><\/p>\n","protected":false},"excerpt":{"rendered":"","protected":false},"author":1,"featured_media":0,"parent":0,"menu_order":0,"comment_status":"closed","ping_status":"closed","template":"","meta":{"footnotes":""},"class_list":["post-369","page","type-page","status-publish","hentry"],"_links":{"self":[{"href":"https:\/\/www.toni-alm.at\/de\/wp-json\/wp\/v2\/pages\/369","targetHints":{"allow":["GET"]}}],"collection":[{"href":"https:\/\/www.toni-alm.at\/de\/wp-json\/wp\/v2\/pages"}],"about":[{"href":"https:\/\/www.toni-alm.at\/de\/wp-json\/wp\/v2\/types\/page"}],"author":[{"embeddable":true,"href":"https:\/\/www.toni-alm.at\/de\/wp-json\/wp\/v2\/users\/1"}],"replies":[{"embeddable":true,"href":"https:\/\/www.toni-alm.at\/de\/wp-json\/wp\/v2\/comments?post=369"}],"version-history":[{"count":2,"href":"https:\/\/www.toni-alm.at\/de\/wp-json\/wp\/v2\/pages\/369\/revisions"}],"predecessor-version":[{"id":1466,"href":"https:\/\/www.toni-alm.at\/de\/wp-json\/wp\/v2\/pages\/369\/revisions\/1466"}],"wp:attachment":[{"href":"https:\/\/www.toni-alm.at\/de\/wp-json\/wp\/v2\/media?parent=369"}],"curies":[{"name":"wp","href":"https:\/\/api.w.org\/{rel}","templated":true}]}}