{"id":371,"date":"2018-11-30T07:54:42","date_gmt":"2018-11-30T06:54:42","guid":{"rendered":"https:\/\/www.toni-alm.at\/?page_id=371"},"modified":"2023-12-11T10:01:02","modified_gmt":"2023-12-11T09:01:02","slug":"essen-trinken","status":"publish","type":"page","link":"https:\/\/www.toni-alm.at\/de\/essen-trinken\/","title":{"rendered":"Essen &#038; Trinken"},"content":{"rendered":"\n<style type=\"text\/css\" data-created_by=\"avia_inline_auto\" id=\"style-css-av-atd9f-da6def3c8ea696a79f6d03c6cfd2251f\">\n.flex_column.av-atd9f-da6def3c8ea696a79f6d03c6cfd2251f{\nborder-radius:0px 0px 0px 0px;\n-webkit-border-radius:0px 0px 0px 0px;\n-moz-border-radius:0px 0px 0px 0px;\n}\n<\/style>\n<div class='flex_column av-atd9f-da6def3c8ea696a79f6d03c6cfd2251f av_one_full  avia-builder-el-0  el_before_av_masonry_gallery  avia-builder-el-no-sibling  first flex_column_div av-zero-column-padding '   ><p>\n<style type=\"text\/css\" data-created_by=\"avia_inline_auto\" id=\"style-css-av-8cebv-136621a25eacbf4f631e43613b13d7ae\">\n#top .av-special-heading.av-8cebv-136621a25eacbf4f631e43613b13d7ae{\npadding-bottom:10px;\n}\nbody .av-special-heading.av-8cebv-136621a25eacbf4f631e43613b13d7ae .av-special-heading-tag .heading-char{\nfont-size:25px;\n}\n.av-special-heading.av-8cebv-136621a25eacbf4f631e43613b13d7ae .av-subheading{\nfont-size:15px;\n}\n<\/style>\n<div  class='av-special-heading av-8cebv-136621a25eacbf4f631e43613b13d7ae av-special-heading-h1  avia-builder-el-1  el_before_av_textblock  avia-builder-el-first '><h1 class='av-special-heading-tag'  itemprop=\"headline\"  >Essen <span class='special_amp'>&amp;<\/span> Trinken<\/h1><div class=\"special-heading-border\"><div class=\"special-heading-inner-border\"><\/div><\/div><\/div><br \/>\n<section  class='av_textblock_section av-jp43wab5-39b8e2522f7258b4ad0df9f4c3641c80'  itemscope=\"itemscope\" itemtype=\"https:\/\/schema.org\/CreativeWork\" ><div class='avia_textblock'  itemprop=\"text\" ><p>Essen &amp; Trinken in der <a href=\"https:\/\/www.toni-alm.at\/die-alm\/\">Toni Alm<\/a> &#8211; Der Bergwinter kennt keine Grenzen, weckt Appetit auf die Einkehr in einer <a href=\"https:\/\/www.toni-alm.at\/bilder-video\/alm-drinnen\/\">H\u00fctte<\/a>, lassen Sie sich in einer einzigartigen Atmosph\u00e4re von uns verw\u00f6hnen.<\/p>\n<p>Bei uns trifft man sich zum Skilunch &#8211; probieren Sie die heimischen Schmankerln von &#8222;Alpentappas&#8220; bis zum legend\u00e4ren &#8222;Kaiserschmarrn&#8220;.<\/p>\n<p>Ein exklusives Getr\u00e4nkeangebot &#8211; vom hauseigenen Toni Alm Br\u00e4u bis zu einer gro\u00dfen Auswahl an erlesenen Weinen, runden das gastronomische Erlebnis ab.<\/p>\n<div style=\"display:block\">\n<!-- FlowPaper PDF flipbook plugin v.2.0.7 wordpress.org\/plugins\/flowpaper\/ -->\n<iframe title=\"FlowPaper flipbook pdf viewer\" width=\"100%\" height=\"500\" scrolling=\"no\" class=\"flowpaper-class\" frameborder=\"0\" allowFullScreen=\"true\" lightbox=\"false\" cover id=\"pdf\" src = \"https:\/\/flowpaper.com\/flipbook\/?pdf=https:\/\/www.toni-alm.at\/wp-content\/uploads\/2023\/12\/Speisekarte_Winter2023-24_ohnePreise.pdf?wp-hosted=1&title=&header=Lade%20Speisekarte...&theme=light&singlepage=&thumbs=1&modified=2312111001\" seamless=\"seamless\" style=\"margin-bottom:0;display:block;\">Your browser does not seem to support iframes. <a href=\"https:\/\/flowpaper.com\/flipbook\/?pdf=https:\/\/www.toni-alm.at\/wp-content\/uploads\/2023\/12\/Speisekarte_Winter2023-24_ohnePreise.pdf?wp-hosted=1\" target=\"_blank\" rel=\"noopener\">Click here to read this PDF<\/a>.<\/iframe>\n<div id=\"flowpaper-logo-bottom\" class=\"flowpaper-logo-bg\" style=\"background:linear-gradient(to right, rgba(0,0,0,0.65) 0%,rgba(0,0,0,0) 200px);width:100%;height:19px; padding-bottom: 1px; padding-left: 5px; padding-right: 10px; display: flex; align-items: center;z-index:9999\"><span style=\"height: 37px; padding-left: 6px;width:90%\"> <a id=\"flowpaper-link\" style=\"fill: #fff\" alt=\"FlowPaper logotype\" title=\"FlowPaper logotype\" href=\"https:\/\/flowpaper.com\" target=\"_blank\" rel=\"noopener\"> <img decoding=\"async\" alt=\"Publish PDF flipbooks online\" style=\"height:17px;width:auto;margin-top:11px;\" src=\"https:\/\/www.toni-alm.at\/wp-content\/plugins\/flowpaper-lite-pdf-flipbook\/assets\/flowpaper-logo.png\" border=\"0\"> <\/a> <\/span><span style=\" float: right; right: 0; font-size: 10px; white-space: nowrap; opacity:0.8\"><a href=\"https:\/\/flowpaper.com\/flipbook-maker\/\" target=\"_new\" style=\"text-decoration:none;border-bottom:none;\" rel=\"noopener\">Created using FlowPaper Flipbook Maker &#8599;<\/a><\/span><\/div><\/div>\r\n                <script>\r\n                document.addEventListener(\"DOMContentLoaded\", function(){\r\n                    var target_element, iframe_element;\r\n                    iframe_element = document.querySelector(\"iframe.flowpaper-class\");\r\n                    target_element = document.querySelector(\"\");\r\n                    iframe_element.style.height = target_element.offsetHeight + \"px\";\r\n                });\r\n                <\/script>\r\n            \n<\/div><\/section><\/p><\/div>\n<style type=\"text\/css\" data-created_by=\"avia_inline_auto\" id=\"style-css-av-jp44ta61-a1c6fe3a9978b6258563f49cf85e8b38\">\n#top .av-masonry.av-jp44ta61-a1c6fe3a9978b6258563f49cf85e8b38{\nbackground-color:#ffffff;\n}\n<\/style>\n<div id='av-masonry-1' class='av-masonry av-jp44ta61-a1c6fe3a9978b6258563f49cf85e8b38 noHover av-flex-size av-large-gap av-hover-overlay- av-masonry-animation-active av-masonry-col-flexible av-caption-always av-caption-style- av-masonry-gallery '><div class=\"av-masonry-container isotope av-js-disabled\"><div class='av-masonry-entry isotope-item av-masonry-item-no-image '><\/div><a href=\"https:\/\/www.toni-alm.at\/wp-content\/uploads\/2018\/11\/Toni-Alm-Essen-und-Trinken11-1.jpg\" data-srcset=\"https:\/\/www.toni-alm.at\/wp-content\/uploads\/2018\/11\/Toni-Alm-Essen-und-Trinken11-1.jpg 646w, https:\/\/www.toni-alm.at\/wp-content\/uploads\/2018\/11\/Toni-Alm-Essen-und-Trinken11-1-203x300.jpg 203w, https:\/\/www.toni-alm.at\/wp-content\/uploads\/2018\/11\/Toni-Alm-Essen-und-Trinken11-1-478x705.jpg 478w\" data-sizes=\"(max-width: 646px) 100vw, 646px\"  aria-label=\"Bild Toni-Alm-Essen-und-Trinken\"  id='av-masonry-1-item-444' data-av-masonry-item='444' class='av-masonry-entry isotope-item post-444 attachment type-attachment status-inherit hentry  av-masonry-item-with-image' title=\"Toni-Alm-Essen-und-Trinken\" alt=\"Toni-Alm-Essen-und-Trinken\"   itemprop=\"thumbnailUrl\" ><div class='av-inner-masonry-sizer'><\/div><figure class='av-inner-masonry main_color'><div class=\"av-masonry-outerimage-container\"><div class='av-masonry-image-container'   ><img decoding=\"async\" width=\"478\" height=\"705\" class=\"wp-image-444 avia-img-lazy-loading-not-444\"  src=\"https:\/\/www.toni-alm.at\/wp-content\/uploads\/2018\/11\/Toni-Alm-Essen-und-Trinken11-1-478x705.jpg\" title=\"Toni-Alm-Essen-und-Trinken\" alt=\"Toni-Alm-Essen-und-Trinken\" srcset=\"https:\/\/www.toni-alm.at\/wp-content\/uploads\/2018\/11\/Toni-Alm-Essen-und-Trinken11-1-478x705.jpg 478w, https:\/\/www.toni-alm.at\/wp-content\/uploads\/2018\/11\/Toni-Alm-Essen-und-Trinken11-1-203x300.jpg 203w, https:\/\/www.toni-alm.at\/wp-content\/uploads\/2018\/11\/Toni-Alm-Essen-und-Trinken11-1.jpg 646w\" sizes=\"(max-width: 478px) 100vw, 478px\" \/><\/div><\/div><\/figure><\/a><!--end av-masonry entry--><a href=\"https:\/\/www.toni-alm.at\/wp-content\/uploads\/2018\/11\/Toni-Alm-Essen-und-Trinken02-1.jpg\" data-srcset=\"https:\/\/www.toni-alm.at\/wp-content\/uploads\/2018\/11\/Toni-Alm-Essen-und-Trinken02-1.jpg 1024w, https:\/\/www.toni-alm.at\/wp-content\/uploads\/2018\/11\/Toni-Alm-Essen-und-Trinken02-1-300x200.jpg 300w, https:\/\/www.toni-alm.at\/wp-content\/uploads\/2018\/11\/Toni-Alm-Essen-und-Trinken02-1-768x512.jpg 768w, https:\/\/www.toni-alm.at\/wp-content\/uploads\/2018\/11\/Toni-Alm-Essen-und-Trinken02-1-705x470.jpg 705w\" data-sizes=\"(max-width: 1024px) 100vw, 1024px\"  aria-label=\"Bild Toni-Alm-Essen-und-Trinken\"  id='av-masonry-1-item-445' data-av-masonry-item='445' class='av-masonry-entry isotope-item post-445 attachment type-attachment status-inherit hentry  av-masonry-item-with-image' title=\"Toni-Alm-Essen-und-Trinken\" alt=\"Toni-Alm-Essen-und-Trinken\"   itemprop=\"thumbnailUrl\" ><div class='av-inner-masonry-sizer'><\/div><figure class='av-inner-masonry main_color'><div class=\"av-masonry-outerimage-container\"><div class='av-masonry-image-container'   ><img decoding=\"async\" width=\"705\" height=\"470\" class=\"wp-image-445 avia-img-lazy-loading-not-445\"  src=\"https:\/\/www.toni-alm.at\/wp-content\/uploads\/2018\/11\/Toni-Alm-Essen-und-Trinken02-1-705x470.jpg\" title=\"Toni-Alm-Essen-und-Trinken\" alt=\"Toni-Alm-Essen-und-Trinken\" srcset=\"https:\/\/www.toni-alm.at\/wp-content\/uploads\/2018\/11\/Toni-Alm-Essen-und-Trinken02-1-705x470.jpg 705w, https:\/\/www.toni-alm.at\/wp-content\/uploads\/2018\/11\/Toni-Alm-Essen-und-Trinken02-1-300x200.jpg 300w, https:\/\/www.toni-alm.at\/wp-content\/uploads\/2018\/11\/Toni-Alm-Essen-und-Trinken02-1-768x512.jpg 768w, https:\/\/www.toni-alm.at\/wp-content\/uploads\/2018\/11\/Toni-Alm-Essen-und-Trinken02-1.jpg 1024w\" sizes=\"(max-width: 705px) 100vw, 705px\" \/><\/div><\/div><\/figure><\/a><!--end av-masonry entry--><a href=\"https:\/\/www.toni-alm.at\/wp-content\/uploads\/2018\/11\/Toni-Alm-Essen-und-Trinken08.jpg\" data-srcset=\"https:\/\/www.toni-alm.at\/wp-content\/uploads\/2018\/11\/Toni-Alm-Essen-und-Trinken08.jpg 646w, https:\/\/www.toni-alm.at\/wp-content\/uploads\/2018\/11\/Toni-Alm-Essen-und-Trinken08-203x300.jpg 203w, https:\/\/www.toni-alm.at\/wp-content\/uploads\/2018\/11\/Toni-Alm-Essen-und-Trinken08-478x705.jpg 478w\" data-sizes=\"(max-width: 646px) 100vw, 646px\"  aria-label=\"Bild Toni-Alm-Essen-und-Trinken\"  id='av-masonry-1-item-438' data-av-masonry-item='438' class='av-masonry-entry isotope-item post-438 attachment type-attachment status-inherit hentry  av-masonry-item-with-image' title=\"Toni-Alm-Essen-und-Trinken\" alt=\"Toni-Alm-Essen-und-Trinken\"   itemprop=\"thumbnailUrl\" ><div class='av-inner-masonry-sizer'><\/div><figure class='av-inner-masonry main_color'><div class=\"av-masonry-outerimage-container\"><div class='av-masonry-image-container'   ><img decoding=\"async\" width=\"478\" height=\"705\" class=\"wp-image-438 avia-img-lazy-loading-not-438\"  src=\"https:\/\/www.toni-alm.at\/wp-content\/uploads\/2018\/11\/Toni-Alm-Essen-und-Trinken08-478x705.jpg\" title=\"Toni-Alm-Essen-und-Trinken\" alt=\"Toni-Alm-Essen-und-Trinken\" srcset=\"https:\/\/www.toni-alm.at\/wp-content\/uploads\/2018\/11\/Toni-Alm-Essen-und-Trinken08-478x705.jpg 478w, https:\/\/www.toni-alm.at\/wp-content\/uploads\/2018\/11\/Toni-Alm-Essen-und-Trinken08-203x300.jpg 203w, https:\/\/www.toni-alm.at\/wp-content\/uploads\/2018\/11\/Toni-Alm-Essen-und-Trinken08.jpg 646w\" sizes=\"(max-width: 478px) 100vw, 478px\" \/><\/div><\/div><\/figure><\/a><!--end av-masonry entry--><a href=\"https:\/\/www.toni-alm.at\/wp-content\/uploads\/2018\/11\/Toni-Alm-Essen-und-Trinken05-1.jpg\" data-srcset=\"https:\/\/www.toni-alm.at\/wp-content\/uploads\/2018\/11\/Toni-Alm-Essen-und-Trinken05-1.jpg 1024w, https:\/\/www.toni-alm.at\/wp-content\/uploads\/2018\/11\/Toni-Alm-Essen-und-Trinken05-1-300x200.jpg 300w, https:\/\/www.toni-alm.at\/wp-content\/uploads\/2018\/11\/Toni-Alm-Essen-und-Trinken05-1-768x512.jpg 768w, https:\/\/www.toni-alm.at\/wp-content\/uploads\/2018\/11\/Toni-Alm-Essen-und-Trinken05-1-705x470.jpg 705w\" data-sizes=\"(max-width: 1024px) 100vw, 1024px\"  aria-label=\"Bild Toni-Alm-Essen-und-Trinken\"  id='av-masonry-1-item-446' data-av-masonry-item='446' class='av-masonry-entry isotope-item post-446 attachment type-attachment status-inherit hentry  av-masonry-item-with-image' title=\"Toni-Alm-Essen-und-Trinken\" alt=\"Toni-Alm-Essen-und-Trinken\"   itemprop=\"thumbnailUrl\" ><div class='av-inner-masonry-sizer'><\/div><figure class='av-inner-masonry main_color'><div class=\"av-masonry-outerimage-container\"><div class='av-masonry-image-container'   ><img decoding=\"async\" width=\"705\" height=\"470\" class=\"wp-image-446 avia-img-lazy-loading-not-446\"  src=\"https:\/\/www.toni-alm.at\/wp-content\/uploads\/2018\/11\/Toni-Alm-Essen-und-Trinken05-1-705x470.jpg\" title=\"Toni-Alm-Essen-und-Trinken\" alt=\"Toni-Alm-Essen-und-Trinken\" srcset=\"https:\/\/www.toni-alm.at\/wp-content\/uploads\/2018\/11\/Toni-Alm-Essen-und-Trinken05-1-705x470.jpg 705w, https:\/\/www.toni-alm.at\/wp-content\/uploads\/2018\/11\/Toni-Alm-Essen-und-Trinken05-1-300x200.jpg 300w, https:\/\/www.toni-alm.at\/wp-content\/uploads\/2018\/11\/Toni-Alm-Essen-und-Trinken05-1-768x512.jpg 768w, https:\/\/www.toni-alm.at\/wp-content\/uploads\/2018\/11\/Toni-Alm-Essen-und-Trinken05-1.jpg 1024w\" sizes=\"(max-width: 705px) 100vw, 705px\" \/><\/div><\/div><\/figure><\/a><!--end av-masonry entry--><a href=\"https:\/\/www.toni-alm.at\/wp-content\/uploads\/2018\/11\/Toni-Alm-Essen-und-Trinken09-1.jpg\" data-srcset=\"https:\/\/www.toni-alm.at\/wp-content\/uploads\/2018\/11\/Toni-Alm-Essen-und-Trinken09-1.jpg 646w, https:\/\/www.toni-alm.at\/wp-content\/uploads\/2018\/11\/Toni-Alm-Essen-und-Trinken09-1-203x300.jpg 203w, https:\/\/www.toni-alm.at\/wp-content\/uploads\/2018\/11\/Toni-Alm-Essen-und-Trinken09-1-478x705.jpg 478w\" data-sizes=\"(max-width: 646px) 100vw, 646px\"  aria-label=\"Bild Toni-Alm-Essen-und-Trinken\"  id='av-masonry-1-item-447' data-av-masonry-item='447' class='av-masonry-entry isotope-item post-447 attachment type-attachment status-inherit hentry  av-masonry-item-with-image' title=\"Toni-Alm-Essen-und-Trinken\" alt=\"Toni-Alm-Essen-und-Trinken\"   itemprop=\"thumbnailUrl\" ><div class='av-inner-masonry-sizer'><\/div><figure class='av-inner-masonry main_color'><div class=\"av-masonry-outerimage-container\"><div class='av-masonry-image-container'   ><img decoding=\"async\" width=\"478\" height=\"705\" class=\"wp-image-447 avia-img-lazy-loading-not-447\"  src=\"https:\/\/www.toni-alm.at\/wp-content\/uploads\/2018\/11\/Toni-Alm-Essen-und-Trinken09-1-478x705.jpg\" title=\"Toni-Alm-Essen-und-Trinken\" alt=\"Toni-Alm-Essen-und-Trinken\" srcset=\"https:\/\/www.toni-alm.at\/wp-content\/uploads\/2018\/11\/Toni-Alm-Essen-und-Trinken09-1-478x705.jpg 478w, https:\/\/www.toni-alm.at\/wp-content\/uploads\/2018\/11\/Toni-Alm-Essen-und-Trinken09-1-203x300.jpg 203w, https:\/\/www.toni-alm.at\/wp-content\/uploads\/2018\/11\/Toni-Alm-Essen-und-Trinken09-1.jpg 646w\" sizes=\"(max-width: 478px) 100vw, 478px\" \/><\/div><\/div><\/figure><\/a><!--end av-masonry entry--><a href=\"https:\/\/www.toni-alm.at\/wp-content\/uploads\/2018\/11\/Toni-Alm-Essen-und-Trinken06-1.jpg\" data-srcset=\"https:\/\/www.toni-alm.at\/wp-content\/uploads\/2018\/11\/Toni-Alm-Essen-und-Trinken06-1.jpg 1024w, https:\/\/www.toni-alm.at\/wp-content\/uploads\/2018\/11\/Toni-Alm-Essen-und-Trinken06-1-300x200.jpg 300w, https:\/\/www.toni-alm.at\/wp-content\/uploads\/2018\/11\/Toni-Alm-Essen-und-Trinken06-1-768x512.jpg 768w, https:\/\/www.toni-alm.at\/wp-content\/uploads\/2018\/11\/Toni-Alm-Essen-und-Trinken06-1-705x470.jpg 705w\" data-sizes=\"(max-width: 1024px) 100vw, 1024px\"  aria-label=\"Bild Toni-Alm-Essen-und-Trinken\"  id='av-masonry-1-item-448' data-av-masonry-item='448' class='av-masonry-entry isotope-item post-448 attachment type-attachment status-inherit hentry  av-masonry-item-with-image' title=\"Toni-Alm-Essen-und-Trinken\" alt=\"Toni-Alm-Essen-und-Trinken\"   itemprop=\"thumbnailUrl\" ><div class='av-inner-masonry-sizer'><\/div><figure class='av-inner-masonry main_color'><div class=\"av-masonry-outerimage-container\"><div class='av-masonry-image-container'   ><img decoding=\"async\" width=\"705\" height=\"470\" class=\"wp-image-448 avia-img-lazy-loading-not-448\"  src=\"https:\/\/www.toni-alm.at\/wp-content\/uploads\/2018\/11\/Toni-Alm-Essen-und-Trinken06-1-705x470.jpg\" title=\"Toni-Alm-Essen-und-Trinken\" alt=\"Toni-Alm-Essen-und-Trinken\" srcset=\"https:\/\/www.toni-alm.at\/wp-content\/uploads\/2018\/11\/Toni-Alm-Essen-und-Trinken06-1-705x470.jpg 705w, https:\/\/www.toni-alm.at\/wp-content\/uploads\/2018\/11\/Toni-Alm-Essen-und-Trinken06-1-300x200.jpg 300w, https:\/\/www.toni-alm.at\/wp-content\/uploads\/2018\/11\/Toni-Alm-Essen-und-Trinken06-1-768x512.jpg 768w, https:\/\/www.toni-alm.at\/wp-content\/uploads\/2018\/11\/Toni-Alm-Essen-und-Trinken06-1.jpg 1024w\" sizes=\"(max-width: 705px) 100vw, 705px\" \/><\/div><\/div><\/figure><\/a><!--end av-masonry entry--><a href=\"https:\/\/www.toni-alm.at\/wp-content\/uploads\/2018\/11\/Toni-Alm-Essen-und-Trinken04-1.jpg\" data-srcset=\"https:\/\/www.toni-alm.at\/wp-content\/uploads\/2018\/11\/Toni-Alm-Essen-und-Trinken04-1.jpg 1024w, https:\/\/www.toni-alm.at\/wp-content\/uploads\/2018\/11\/Toni-Alm-Essen-und-Trinken04-1-300x200.jpg 300w, https:\/\/www.toni-alm.at\/wp-content\/uploads\/2018\/11\/Toni-Alm-Essen-und-Trinken04-1-768x512.jpg 768w, https:\/\/www.toni-alm.at\/wp-content\/uploads\/2018\/11\/Toni-Alm-Essen-und-Trinken04-1-705x470.jpg 705w\" data-sizes=\"(max-width: 1024px) 100vw, 1024px\"  aria-label=\"Bild Toni-Alm-Essen-und-Trinken\"  id='av-masonry-1-item-449' data-av-masonry-item='449' class='av-masonry-entry isotope-item post-449 attachment type-attachment status-inherit hentry  av-masonry-item-with-image' title=\"Toni-Alm-Essen-und-Trinken\" alt=\"Toni-Alm-Essen-und-Trinken\"   itemprop=\"thumbnailUrl\" ><div class='av-inner-masonry-sizer'><\/div><figure class='av-inner-masonry main_color'><div class=\"av-masonry-outerimage-container\"><div class='av-masonry-image-container'   ><img decoding=\"async\" width=\"705\" height=\"470\" class=\"wp-image-449 avia-img-lazy-loading-not-449\"  src=\"https:\/\/www.toni-alm.at\/wp-content\/uploads\/2018\/11\/Toni-Alm-Essen-und-Trinken04-1-705x470.jpg\" title=\"Toni-Alm-Essen-und-Trinken\" alt=\"Toni-Alm-Essen-und-Trinken\" srcset=\"https:\/\/www.toni-alm.at\/wp-content\/uploads\/2018\/11\/Toni-Alm-Essen-und-Trinken04-1-705x470.jpg 705w, https:\/\/www.toni-alm.at\/wp-content\/uploads\/2018\/11\/Toni-Alm-Essen-und-Trinken04-1-300x200.jpg 300w, https:\/\/www.toni-alm.at\/wp-content\/uploads\/2018\/11\/Toni-Alm-Essen-und-Trinken04-1-768x512.jpg 768w, https:\/\/www.toni-alm.at\/wp-content\/uploads\/2018\/11\/Toni-Alm-Essen-und-Trinken04-1.jpg 1024w\" sizes=\"(max-width: 705px) 100vw, 705px\" \/><\/div><\/div><\/figure><\/a><!--end av-masonry entry--><a href=\"https:\/\/www.toni-alm.at\/wp-content\/uploads\/2018\/11\/Toni-Alm-Essen-und-Trinken10.jpg\" data-srcset=\"https:\/\/www.toni-alm.at\/wp-content\/uploads\/2018\/11\/Toni-Alm-Essen-und-Trinken10.jpg 1024w, https:\/\/www.toni-alm.at\/wp-content\/uploads\/2018\/11\/Toni-Alm-Essen-und-Trinken10-300x200.jpg 300w, https:\/\/www.toni-alm.at\/wp-content\/uploads\/2018\/11\/Toni-Alm-Essen-und-Trinken10-768x512.jpg 768w, https:\/\/www.toni-alm.at\/wp-content\/uploads\/2018\/11\/Toni-Alm-Essen-und-Trinken10-705x470.jpg 705w\" data-sizes=\"(max-width: 1024px) 100vw, 1024px\"  aria-label=\"Bild Toni-Alm-Essen-und-Trinken\"  id='av-masonry-1-item-440' data-av-masonry-item='440' class='av-masonry-entry isotope-item post-440 attachment type-attachment status-inherit hentry  av-masonry-item-with-image' title=\"Toni-Alm-Essen-und-Trinken\" alt=\"Toni-Alm-Essen-und-Trinken\"   itemprop=\"thumbnailUrl\" ><div class='av-inner-masonry-sizer'><\/div><figure class='av-inner-masonry main_color'><div class=\"av-masonry-outerimage-container\"><div class='av-masonry-image-container'   ><img decoding=\"async\" width=\"705\" height=\"470\" class=\"wp-image-440 avia-img-lazy-loading-not-440\"  src=\"https:\/\/www.toni-alm.at\/wp-content\/uploads\/2018\/11\/Toni-Alm-Essen-und-Trinken10-705x470.jpg\" title=\"Toni-Alm-Essen-und-Trinken\" alt=\"Toni-Alm-Essen-und-Trinken\" srcset=\"https:\/\/www.toni-alm.at\/wp-content\/uploads\/2018\/11\/Toni-Alm-Essen-und-Trinken10-705x470.jpg 705w, https:\/\/www.toni-alm.at\/wp-content\/uploads\/2018\/11\/Toni-Alm-Essen-und-Trinken10-300x200.jpg 300w, https:\/\/www.toni-alm.at\/wp-content\/uploads\/2018\/11\/Toni-Alm-Essen-und-Trinken10-768x512.jpg 768w, https:\/\/www.toni-alm.at\/wp-content\/uploads\/2018\/11\/Toni-Alm-Essen-und-Trinken10.jpg 1024w\" sizes=\"(max-width: 705px) 100vw, 705px\" \/><\/div><\/div><\/figure><\/a><!--end av-masonry entry--><a href=\"https:\/\/www.toni-alm.at\/wp-content\/uploads\/2018\/11\/Toni-Alm-Essen-und-Trinken03-1.jpg\" data-srcset=\"https:\/\/www.toni-alm.at\/wp-content\/uploads\/2018\/11\/Toni-Alm-Essen-und-Trinken03-1.jpg 1024w, https:\/\/www.toni-alm.at\/wp-content\/uploads\/2018\/11\/Toni-Alm-Essen-und-Trinken03-1-300x200.jpg 300w, https:\/\/www.toni-alm.at\/wp-content\/uploads\/2018\/11\/Toni-Alm-Essen-und-Trinken03-1-768x512.jpg 768w, https:\/\/www.toni-alm.at\/wp-content\/uploads\/2018\/11\/Toni-Alm-Essen-und-Trinken03-1-705x470.jpg 705w\" data-sizes=\"(max-width: 1024px) 100vw, 1024px\"  aria-label=\"Bild Toni-Alm-Essen-und-Trinken\"  id='av-masonry-1-item-450' data-av-masonry-item='450' class='av-masonry-entry isotope-item post-450 attachment type-attachment status-inherit hentry  av-masonry-item-with-image' title=\"Toni-Alm-Essen-und-Trinken\" alt=\"Toni-Alm-Essen-und-Trinken\"   itemprop=\"thumbnailUrl\" ><div class='av-inner-masonry-sizer'><\/div><figure class='av-inner-masonry main_color'><div class=\"av-masonry-outerimage-container\"><div class='av-masonry-image-container'   ><img decoding=\"async\" width=\"705\" height=\"470\" class=\"wp-image-450 avia-img-lazy-loading-not-450\"  src=\"https:\/\/www.toni-alm.at\/wp-content\/uploads\/2018\/11\/Toni-Alm-Essen-und-Trinken03-1-705x470.jpg\" title=\"Toni-Alm-Essen-und-Trinken\" alt=\"Toni-Alm-Essen-und-Trinken\" srcset=\"https:\/\/www.toni-alm.at\/wp-content\/uploads\/2018\/11\/Toni-Alm-Essen-und-Trinken03-1-705x470.jpg 705w, https:\/\/www.toni-alm.at\/wp-content\/uploads\/2018\/11\/Toni-Alm-Essen-und-Trinken03-1-300x200.jpg 300w, https:\/\/www.toni-alm.at\/wp-content\/uploads\/2018\/11\/Toni-Alm-Essen-und-Trinken03-1-768x512.jpg 768w, https:\/\/www.toni-alm.at\/wp-content\/uploads\/2018\/11\/Toni-Alm-Essen-und-Trinken03-1.jpg 1024w\" sizes=\"(max-width: 705px) 100vw, 705px\" \/><\/div><\/div><\/figure><\/a><!--end av-masonry entry--><\/div><\/div><\/p>\n","protected":false},"excerpt":{"rendered":"","protected":false},"author":1,"featured_media":0,"parent":0,"menu_order":0,"comment_status":"closed","ping_status":"closed","template":"","meta":{"footnotes":""},"class_list":["post-371","page","type-page","status-publish","hentry"],"_links":{"self":[{"href":"https:\/\/www.toni-alm.at\/de\/wp-json\/wp\/v2\/pages\/371","targetHints":{"allow":["GET"]}}],"collection":[{"href":"https:\/\/www.toni-alm.at\/de\/wp-json\/wp\/v2\/pages"}],"about":[{"href":"https:\/\/www.toni-alm.at\/de\/wp-json\/wp\/v2\/types\/page"}],"author":[{"embeddable":true,"href":"https:\/\/www.toni-alm.at\/de\/wp-json\/wp\/v2\/users\/1"}],"replies":[{"embeddable":true,"href":"https:\/\/www.toni-alm.at\/de\/wp-json\/wp\/v2\/comments?post=371"}],"version-history":[{"count":6,"href":"https:\/\/www.toni-alm.at\/de\/wp-json\/wp\/v2\/pages\/371\/revisions"}],"predecessor-version":[{"id":1624,"href":"https:\/\/www.toni-alm.at\/de\/wp-json\/wp\/v2\/pages\/371\/revisions\/1624"}],"wp:attachment":[{"href":"https:\/\/www.toni-alm.at\/de\/wp-json\/wp\/v2\/media?parent=371"}],"curies":[{"name":"wp","href":"https:\/\/api.w.org\/{rel}","templated":true}]}}