{"id":373,"date":"2018-11-30T07:58:55","date_gmt":"2018-11-30T06:58:55","guid":{"rendered":"https:\/\/www.toni-alm.at\/?page_id=373"},"modified":"2019-03-18T09:14:14","modified_gmt":"2019-03-18T08:14:14","slug":"events","status":"publish","type":"page","link":"https:\/\/www.toni-alm.at\/de\/events\/","title":{"rendered":"Events"},"content":{"rendered":"\n<style type=\"text\/css\" data-created_by=\"avia_inline_auto\" id=\"style-css-av-7g17h-7130b01a0a7e17cde447d8dcce3930e8\">\n.flex_column.av-7g17h-7130b01a0a7e17cde447d8dcce3930e8{\nborder-radius:0px 0px 0px 0px;\n-webkit-border-radius:0px 0px 0px 0px;\n-moz-border-radius:0px 0px 0px 0px;\n}\n<\/style>\n<div class='flex_column av-7g17h-7130b01a0a7e17cde447d8dcce3930e8 av_one_full  avia-builder-el-0  avia-builder-el-no-sibling  first flex_column_div av-zero-column-padding '   ><p>\n<style type=\"text\/css\" data-created_by=\"avia_inline_auto\" id=\"style-css-av-av_heading-69fa0448c883c2b454c07eeb48dcc905\">\n#top .av-special-heading.av-av_heading-69fa0448c883c2b454c07eeb48dcc905{\npadding-bottom:10px;\n}\nbody .av-special-heading.av-av_heading-69fa0448c883c2b454c07eeb48dcc905 .av-special-heading-tag .heading-char{\nfont-size:25px;\n}\n.av-special-heading.av-av_heading-69fa0448c883c2b454c07eeb48dcc905 .av-subheading{\nfont-size:15px;\n}\n<\/style>\n<div  class='av-special-heading av-av_heading-69fa0448c883c2b454c07eeb48dcc905 av-special-heading-h1  avia-builder-el-1  el_before_av_textblock  avia-builder-el-first '><h1 class='av-special-heading-tag'  itemprop=\"headline\"  >Events<\/h1><div class=\"special-heading-border\"><div class=\"special-heading-inner-border\"><\/div><\/div><\/div><br \/>\n<section  class='av_textblock_section av-jp4bvusk-e96c3a4923af87b6493014b66c5649fb'  itemscope=\"itemscope\" itemtype=\"https:\/\/schema.org\/CreativeWork\" ><div class='avia_textblock'  itemprop=\"text\" ><div><strong>Events und H\u00f6hepunkte im Leben sollten in besonderer Kulisse gefeiert werden.<\/strong><\/div>\n<div>Feiern mit allen Sinnen &#8211; daf\u00fcr ist die Toni Alm ber\u00fchmt und\u00a0beliebt.<\/div>\n<div><\/div>\n<div>\n<p>Von der Hochzeitsfeier bis zum Firmenevent:<\/p>\n<p><strong>Die Toni Alm bietet mit Ambiente, Bergpanorama, Kochkunst und\u00a0perfektem Service eine au\u00dfergew\u00f6hnliche B\u00fchne.<\/strong><\/p>\n<p>Gerne unterbreiten wir Ihnen ein individuelles Angebot.<\/p>\n<\/div>\n<\/div><\/section><br \/>\n\n<style type=\"text\/css\" data-created_by=\"avia_inline_auto\" id=\"style-css-av-av_heading-e488de2556bc5c86a32db878ad0ebd31\">\n#top .av-special-heading.av-av_heading-e488de2556bc5c86a32db878ad0ebd31{\npadding-bottom:10px;\n}\nbody .av-special-heading.av-av_heading-e488de2556bc5c86a32db878ad0ebd31 .av-special-heading-tag .heading-char{\nfont-size:25px;\n}\n.av-special-heading.av-av_heading-e488de2556bc5c86a32db878ad0ebd31 .av-subheading{\nfont-size:15px;\n}\n<\/style>\n<div  class='av-special-heading av-av_heading-e488de2556bc5c86a32db878ad0ebd31 av-special-heading-h3  avia-builder-el-3  el_after_av_textblock  el_before_av_textblock '><h3 class='av-special-heading-tag'  itemprop=\"headline\"  >Winter<\/h3><div class=\"special-heading-border\"><div class=\"special-heading-inner-border\"><\/div><\/div><\/div><br \/>\n<section  class='av_textblock_section av-jp4b5mr7-a7b172c69055ca9efa738784a94e812d'  itemscope=\"itemscope\" itemtype=\"https:\/\/schema.org\/CreativeWork\" ><div class='avia_textblock'  itemprop=\"text\" ><div class=\"cmsCombi\">\n<div>\n<p><img decoding=\"async\" class=\"alignright wp-image-823 size-medium\" style=\"background-color: transparent; color: #333333; float: right; font-family: Georgia,' times new roman','bitstream charter',times,serif; font-size: 16px; font-style: normal; font-variant: normal; font-weight: 400; height: 198px; letter-spacing: normal; max-width: 1104.4px; orphans: 2; outline-color: #72777c; outline-style: solid; outline-width: 1px; text-align: left; text-decoration: none; text-indent: 0px; text-transform: none; -webkit-text-stroke-width: 0px; white-space: normal; word-spacing: 0px; margin: 8px 0px 8px 16px;\" src=\"https:\/\/www.toni-alm.at\/wp-content\/uploads\/2019\/01\/Skidoo-Toni-Alm-300x198.jpg\" alt=\"Events auf der Toni Alm - Skidoo\" width=\"300\" height=\"198\" srcset=\"https:\/\/www.toni-alm.at\/wp-content\/uploads\/2019\/01\/Skidoo-Toni-Alm-300x198.jpg 300w, https:\/\/www.toni-alm.at\/wp-content\/uploads\/2019\/01\/Skidoo-Toni-Alm-705x464.jpg 705w, https:\/\/www.toni-alm.at\/wp-content\/uploads\/2019\/01\/Skidoo-Toni-Alm.jpg 750w\" sizes=\"(max-width: 300px) 100vw, 300px\" \/><br \/>\n<strong>Ge\u00f6ffnet von Anfang Dezember bis Mitte April (je nach Schneelage)<\/strong><\/p>\n<p>Anreise mit dem Skidoo (10 Minuten) bzw. Fackelwanderung zur Alm\u00a0(nur gegen Voranmeldung).<\/p>\n<\/div>\n<\/div>\n<div class=\"cmsBreak\"><\/div>\n<div class=\"cmsCombi\">\n<div>\n<p>Bei Veranstaltungen im Winter werden die G\u00e4ste mit Skidoos transportiert.<\/p>\n<p>Bis zu 20 Personen k\u00f6nnen gleichzeitig transportiert werden. (Dauer ca. 10\u00a0Minuten). Gerne organisieren wir auch f\u00fcr Tagesg\u00e4ste einen Skidootransport (kostenpflichtig, auf ANFRAGE). Abfahrt auch mit Rodeln m\u00f6glich.<\/p>\n<\/div>\n<\/div>\n<\/div><\/section><br \/>\n\n<style type=\"text\/css\" data-created_by=\"avia_inline_auto\" id=\"style-css-av-av_heading-228e85665e73ee9eef3363a5b91ffbf1\">\n#top .av-special-heading.av-av_heading-228e85665e73ee9eef3363a5b91ffbf1{\npadding-bottom:10px;\n}\nbody .av-special-heading.av-av_heading-228e85665e73ee9eef3363a5b91ffbf1 .av-special-heading-tag .heading-char{\nfont-size:25px;\n}\n.av-special-heading.av-av_heading-228e85665e73ee9eef3363a5b91ffbf1 .av-subheading{\nfont-size:15px;\n}\n<\/style>\n<div  class='av-special-heading av-av_heading-228e85665e73ee9eef3363a5b91ffbf1 av-special-heading-h3  avia-builder-el-5  el_after_av_textblock  el_before_av_textblock '><h3 class='av-special-heading-tag'  itemprop=\"headline\"  >Sommer<\/h3><div class=\"special-heading-border\"><div class=\"special-heading-inner-border\"><\/div><\/div><\/div><br \/>\n<section  class='av_textblock_section av-jp4buzh8-7332bb067afc07a8d80aa02b67405e2d'  itemscope=\"itemscope\" itemtype=\"https:\/\/schema.org\/CreativeWork\" ><div class='avia_textblock'  itemprop=\"text\" ><p><strong>Im Sommer haben wir keinen Tagesbetrieb!<\/strong><\/p>\n<p>Gegen Voranmeldung kann die gesamte Toni-Alm f\u00fcr bis zu 110 Personen den\u00a0ganzen Tag \u00fcber gebucht werden.<\/p>\n<p>Anreise mit dem PKW bzw. Taxi bis direkt zur Alm m\u00f6glich. Wanderung zur Alm\u00a0ca. 1 Stunde.<\/p>\n<\/div><\/section><br \/>\n\n<style type=\"text\/css\" data-created_by=\"avia_inline_auto\" id=\"style-css-av-jp5jj81p-3c3990fda7be7ff443748f58f208d977\">\n#top .hr.hr-invisible.av-jp5jj81p-3c3990fda7be7ff443748f58f208d977{\nheight:30px;\n}\n<\/style>\n<div  class='hr av-jp5jj81p-3c3990fda7be7ff443748f58f208d977 hr-invisible  avia-builder-el-7  el_after_av_textblock  el_before_av_textblock '><span class='hr-inner '><span class=\"hr-inner-style\"><\/span><\/span><\/div><br \/>\n<section  class='av_textblock_section av-jp5jja7k-47be48cd9d7c64bb8b107c6c04c5e796'  itemscope=\"itemscope\" itemtype=\"https:\/\/schema.org\/CreativeWork\" ><div class='avia_textblock'  itemprop=\"text\" >\n<div class=\"wpcf7 no-js\" id=\"wpcf7-f423-o1\" lang=\"de-DE\" dir=\"ltr\" data-wpcf7-id=\"423\">\n<div class=\"screen-reader-response\"><p role=\"status\" aria-live=\"polite\" aria-atomic=\"true\"><\/p> <ul><\/ul><\/div>\n<form action=\"\/de\/wp-json\/wp\/v2\/pages\/373#wpcf7-f423-o1\" method=\"post\" class=\"wpcf7-form init wpcf7-acceptance-as-validation\" aria-label=\"Kontaktformular\" novalidate=\"novalidate\" data-status=\"init\">\n<fieldset class=\"hidden-fields-container\"><input type=\"hidden\" name=\"_wpcf7\" value=\"423\" \/><input type=\"hidden\" name=\"_wpcf7_version\" value=\"6.1.5\" \/><input type=\"hidden\" name=\"_wpcf7_locale\" value=\"de_DE\" \/><input type=\"hidden\" name=\"_wpcf7_unit_tag\" value=\"wpcf7-f423-o1\" \/><input type=\"hidden\" name=\"_wpcf7_container_post\" value=\"0\" \/><input type=\"hidden\" name=\"_wpcf7_posted_data_hash\" value=\"\" \/>\n<\/fieldset>\n<p><label> Anrede *<\/label><br \/>\n<span class=\"wpcf7-form-control-wrap\" data-name=\"anrede\"><select class=\"wpcf7-form-control wpcf7-select wpcf7-validates-as-required\" aria-required=\"true\" aria-invalid=\"false\" name=\"anrede\"><option value=\"Herr\">Herr<\/option><option value=\"Frau\">Frau<\/option><option value=\"Familie\">Familie<\/option><\/select><\/span>\n<\/p>\n<p><label> Name *<br \/>\n<span class=\"wpcf7-form-control-wrap\" data-name=\"namen\"><input size=\"40\" maxlength=\"400\" class=\"wpcf7-form-control wpcf7-text wpcf7-validates-as-required\" aria-required=\"true\" aria-invalid=\"false\" value=\"\" type=\"text\" name=\"namen\" \/><\/span> <\/label>\n<\/p>\n<p><label> Adresse<br \/>\n<span class=\"wpcf7-form-control-wrap\" data-name=\"adresse\"><input size=\"40\" maxlength=\"400\" class=\"wpcf7-form-control wpcf7-text\" aria-invalid=\"false\" value=\"\" type=\"text\" name=\"adresse\" \/><\/span> <\/label>\n<\/p>\n<p><label> PLZ\/Ort<br \/>\n<span class=\"wpcf7-form-control-wrap\" data-name=\"ort\"><input size=\"40\" maxlength=\"400\" class=\"wpcf7-form-control wpcf7-text\" aria-invalid=\"false\" value=\"\" type=\"text\" name=\"ort\" \/><\/span> <\/label>\n<\/p>\n<p><label> Land *<br \/>\n<span class=\"wpcf7-form-control-wrap\" data-name=\"land\"><input size=\"40\" maxlength=\"400\" class=\"wpcf7-form-control wpcf7-text wpcf7-validates-as-required\" aria-required=\"true\" aria-invalid=\"false\" value=\"\" type=\"text\" name=\"land\" \/><\/span> <\/label>\n<\/p>\n<p><label> E-Mail-Adresse *<br \/>\n<span class=\"wpcf7-form-control-wrap\" data-name=\"your-email\"><input size=\"40\" maxlength=\"400\" class=\"wpcf7-form-control wpcf7-email wpcf7-validates-as-required wpcf7-text wpcf7-validates-as-email\" aria-required=\"true\" aria-invalid=\"false\" value=\"\" type=\"email\" name=\"your-email\" \/><\/span> <\/label>\n<\/p>\n<p><label> Telefon<br \/>\n<span class=\"wpcf7-form-control-wrap\" data-name=\"telefon\"><input size=\"40\" maxlength=\"400\" class=\"wpcf7-form-control wpcf7-text\" aria-invalid=\"false\" value=\"\" type=\"text\" name=\"telefon\" \/><\/span> <\/label>\n<\/p>\n<p><label> Nachricht\/Anfrage<br \/>\n<span class=\"wpcf7-form-control-wrap\" data-name=\"nachricht\"><textarea cols=\"40\" rows=\"10\" maxlength=\"2000\" class=\"wpcf7-form-control wpcf7-textarea\" aria-invalid=\"false\" name=\"nachricht\"><\/textarea><\/span> <\/label>\n<\/p>\n<p><span class=\"wpcf7-form-control-wrap\" data-name=\"datenschutz\"><span class=\"wpcf7-form-control wpcf7-acceptance\"><span class=\"wpcf7-list-item\"><label><input type=\"checkbox\" name=\"datenschutz\" value=\"1\" aria-invalid=\"false\" \/><span class=\"wpcf7-list-item-label\">Ich erkl\u00e4re mich damit einverstanden, dass meine Daten zur Bearbeitung des Anliegens verwendet werden. Weitere Informationen und Widerrufshinweise finden Sie in der <a href=\"https:\/\/www.toni-alm.at\/datenschutz\" target=\"_blank\" rel=\"noopener\">Datenschutzerkl\u00e4rung<\/a>.<\/span><\/label><\/span><\/span><\/span>\n<\/p>\n<p><input class=\"wpcf7-form-control wpcf7-submit has-spinner\" type=\"submit\" value=\"Jetzt senden\" \/>\n<\/p><div class=\"wpcf7-response-output\" aria-hidden=\"true\"><\/div>\n<\/form>\n<\/div>\n\n<\/div><\/section><\/p><\/div>\n","protected":false},"excerpt":{"rendered":"","protected":false},"author":1,"featured_media":0,"parent":0,"menu_order":0,"comment_status":"closed","ping_status":"closed","template":"","meta":{"footnotes":""},"class_list":["post-373","page","type-page","status-publish","hentry"],"_links":{"self":[{"href":"https:\/\/www.toni-alm.at\/de\/wp-json\/wp\/v2\/pages\/373","targetHints":{"allow":["GET"]}}],"collection":[{"href":"https:\/\/www.toni-alm.at\/de\/wp-json\/wp\/v2\/pages"}],"about":[{"href":"https:\/\/www.toni-alm.at\/de\/wp-json\/wp\/v2\/types\/page"}],"author":[{"embeddable":true,"href":"https:\/\/www.toni-alm.at\/de\/wp-json\/wp\/v2\/users\/1"}],"replies":[{"embeddable":true,"href":"https:\/\/www.toni-alm.at\/de\/wp-json\/wp\/v2\/comments?post=373"}],"version-history":[{"count":1,"href":"https:\/\/www.toni-alm.at\/de\/wp-json\/wp\/v2\/pages\/373\/revisions"}],"predecessor-version":[{"id":1574,"href":"https:\/\/www.toni-alm.at\/de\/wp-json\/wp\/v2\/pages\/373\/revisions\/1574"}],"wp:attachment":[{"href":"https:\/\/www.toni-alm.at\/de\/wp-json\/wp\/v2\/media?parent=373"}],"curies":[{"name":"wp","href":"https:\/\/api.w.org\/{rel}","templated":true}]}}