{"id":375,"date":"2018-11-30T07:59:01","date_gmt":"2018-11-30T06:59:01","guid":{"rendered":"https:\/\/www.toni-alm.at\/?page_id=375"},"modified":"2023-02-08T16:20:21","modified_gmt":"2023-02-08T15:20:21","slug":"lage","status":"publish","type":"page","link":"https:\/\/www.toni-alm.at\/de\/lage\/","title":{"rendered":"Lage"},"content":{"rendered":"\n<style type=\"text\/css\" data-created_by=\"avia_inline_auto\" id=\"style-css-av-15fsv-f47aa3902ac7f563d736c07d7bbd8721\">\n.flex_column.av-15fsv-f47aa3902ac7f563d736c07d7bbd8721{\nborder-radius:0px 0px 0px 0px;\n-webkit-border-radius:0px 0px 0px 0px;\n-moz-border-radius:0px 0px 0px 0px;\n}\n<\/style>\n<div class='flex_column av-15fsv-f47aa3902ac7f563d736c07d7bbd8721 av_one_full  avia-builder-el-0  el_before_av_three_fifth  avia-builder-el-first  first flex_column_div av-zero-column-padding '   ><style type=\"text\/css\" data-created_by=\"avia_inline_auto\" id=\"style-css-av-jp47leon-f64dcb192d329f280e29fde8f51852c4\">\n#top .av-special-heading.av-jp47leon-f64dcb192d329f280e29fde8f51852c4{\npadding-bottom:10px;\n}\nbody .av-special-heading.av-jp47leon-f64dcb192d329f280e29fde8f51852c4 .av-special-heading-tag .heading-char{\nfont-size:25px;\n}\n.av-special-heading.av-jp47leon-f64dcb192d329f280e29fde8f51852c4 .av-subheading{\nfont-size:15px;\n}\n<\/style>\n<div  class='av-special-heading av-jp47leon-f64dcb192d329f280e29fde8f51852c4 av-special-heading-h1  avia-builder-el-1  avia-builder-el-no-sibling '><h1 class='av-special-heading-tag'  itemprop=\"headline\"  >Lage <span class='special_amp'>&amp;<\/span> Anfahrt<\/h1><div class=\"special-heading-border\"><div class=\"special-heading-inner-border\"><\/div><\/div><\/div><\/div>\n\n<style type=\"text\/css\" data-created_by=\"avia_inline_auto\" id=\"style-css-av-dlyen-7f113cb9231aa2b5abc9b8f36929b101\">\n.flex_column.av-dlyen-7f113cb9231aa2b5abc9b8f36929b101{\nborder-radius:0px 0px 0px 0px;\n-webkit-border-radius:0px 0px 0px 0px;\n-moz-border-radius:0px 0px 0px 0px;\n}\n<\/style>\n<div class='flex_column av-dlyen-7f113cb9231aa2b5abc9b8f36929b101 av_three_fifth  avia-builder-el-2  el_after_av_one_full  el_before_av_two_fifth  first flex_column_div av-zero-column-padding column-top-margin'   ><p>\n<style type=\"text\/css\" data-created_by=\"avia_inline_auto\" id=\"style-css-av-clmjb-9252e7e80aa139171aefdff30e78cd77\">\n#top .av-special-heading.av-clmjb-9252e7e80aa139171aefdff30e78cd77{\npadding-bottom:10px;\n}\nbody .av-special-heading.av-clmjb-9252e7e80aa139171aefdff30e78cd77 .av-special-heading-tag .heading-char{\nfont-size:25px;\n}\n.av-special-heading.av-clmjb-9252e7e80aa139171aefdff30e78cd77 .av-subheading{\nfont-size:15px;\n}\n<\/style>\n<div  class='av-special-heading av-clmjb-9252e7e80aa139171aefdff30e78cd77 av-special-heading-h3  avia-builder-el-3  el_before_av_hr  avia-builder-el-first '><h3 class='av-special-heading-tag'  itemprop=\"headline\"  >Winter<\/h3><div class=\"special-heading-border\"><div class=\"special-heading-inner-border\"><\/div><\/div><\/div><br \/>\n\n<style type=\"text\/css\" data-created_by=\"avia_inline_auto\" id=\"style-css-av-jp47t0m2-174bdbc830aa6fd55429e3fa333de969\">\n#top .hr.hr-invisible.av-jp47t0m2-174bdbc830aa6fd55429e3fa333de969{\nheight:10px;\n}\n<\/style>\n<div  class='hr av-jp47t0m2-174bdbc830aa6fd55429e3fa333de969 hr-invisible  avia-builder-el-4  el_after_av_heading  el_before_av_textblock '><span class='hr-inner '><span class=\"hr-inner-style\"><\/span><\/span><\/div><br \/>\n<section  class='av_textblock_section av-jp46cwf2-05ab522e5fed0d1c27270b3c9c311cdf'  itemscope=\"itemscope\" itemtype=\"https:\/\/schema.org\/CreativeWork\" ><div class='avia_textblock'  itemprop=\"text\" ><p><strong>Zeit zur Einkehr &#8211; f\u00fcr Skifahrer<\/strong><\/p>\n<p>Direkt an der Piste 77 der Panorama-Abfahrt Kitzb\u00fcheler Alpen.<\/p>\n<\/div><\/section><br \/>\n\n<style type=\"text\/css\" data-created_by=\"avia_inline_auto\" id=\"style-css-av-jp47t0m2-174bdbc830aa6fd55429e3fa333de969\">\n#top .hr.hr-invisible.av-jp47t0m2-174bdbc830aa6fd55429e3fa333de969{\nheight:10px;\n}\n<\/style>\n<div  class='hr av-jp47t0m2-174bdbc830aa6fd55429e3fa333de969 hr-invisible  avia-builder-el-6  el_after_av_textblock  el_before_av_textblock '><span class='hr-inner '><span class=\"hr-inner-style\"><\/span><\/span><\/div><br \/>\n<section  class='av_textblock_section av-jp46cwf2-05ab522e5fed0d1c27270b3c9c311cdf'  itemscope=\"itemscope\" itemtype=\"https:\/\/schema.org\/CreativeWork\" ><div class='avia_textblock'  itemprop=\"text\" ><p><strong>Anreise mit dem Auto aus Richtung Deutschland kommend:<\/strong><\/p>\n<p>Kufstein &#8211; St.Johann in Tirol &#8211; Kitzb\u00fchel &#8211; Jochberg &#8211; Pa\u00df Thurn. Vom Parkplatz am Pa\u00df Thurn ca. 1 Stunde Wanderung zur Alm oder Skidoo-Transport (auf Anfrage gegen Voranmeldung).<\/p>\n<\/div><\/section><br \/>\n\n<style type=\"text\/css\" data-created_by=\"avia_inline_auto\" id=\"style-css-av-jp47t0m2-ffb32e981776d8ea50ef22654003ab8f\">\n#top .hr.hr-invisible.av-jp47t0m2-ffb32e981776d8ea50ef22654003ab8f{\nheight:20px;\n}\n<\/style>\n<div  class='hr av-jp47t0m2-ffb32e981776d8ea50ef22654003ab8f hr-invisible  avia-builder-el-8  el_after_av_textblock  el_before_av_heading '><span class='hr-inner '><span class=\"hr-inner-style\"><\/span><\/span><\/div><br \/>\n\n<style type=\"text\/css\" data-created_by=\"avia_inline_auto\" id=\"style-css-av-8rt47-2ea72d0eb06d5496654bb84a6e852b37\">\n#top .av-special-heading.av-8rt47-2ea72d0eb06d5496654bb84a6e852b37{\npadding-bottom:10px;\n}\nbody .av-special-heading.av-8rt47-2ea72d0eb06d5496654bb84a6e852b37 .av-special-heading-tag .heading-char{\nfont-size:25px;\n}\n.av-special-heading.av-8rt47-2ea72d0eb06d5496654bb84a6e852b37 .av-subheading{\nfont-size:15px;\n}\n<\/style>\n<div  class='av-special-heading av-8rt47-2ea72d0eb06d5496654bb84a6e852b37 av-special-heading-h3  avia-builder-el-9  el_after_av_hr  el_before_av_hr '><h3 class='av-special-heading-tag'  itemprop=\"headline\"  >Sommer<\/h3><div class=\"special-heading-border\"><div class=\"special-heading-inner-border\"><\/div><\/div><\/div><br \/>\n\n<style type=\"text\/css\" data-created_by=\"avia_inline_auto\" id=\"style-css-av-jp47t0m2-174bdbc830aa6fd55429e3fa333de969\">\n#top .hr.hr-invisible.av-jp47t0m2-174bdbc830aa6fd55429e3fa333de969{\nheight:10px;\n}\n<\/style>\n<div  class='hr av-jp47t0m2-174bdbc830aa6fd55429e3fa333de969 hr-invisible  avia-builder-el-10  el_after_av_heading  el_before_av_textblock '><span class='hr-inner '><span class=\"hr-inner-style\"><\/span><\/span><\/div><br \/>\n<section  class='av_textblock_section av-jp46cwf2-05ab522e5fed0d1c27270b3c9c311cdf'  itemscope=\"itemscope\" itemtype=\"https:\/\/schema.org\/CreativeWork\" ><div class='avia_textblock'  itemprop=\"text\" ><p><strong>Im Sommer haben wir keinen Tagesbetrieb!<\/strong><\/p>\n<p>Gegen Voranmeldung kann die gesamte Toni-Alm f\u00fcr bis zu 110 Personen den\u00a0ganzen Tag \u00fcber gebucht werden.<\/p>\n<p>Anreise mit dem PKW bzw. Taxi bis direkt zur Alm m\u00f6glich. Wanderung zur Alm\u00a0ca. 1 Stunde<\/p>\n<\/div><\/section><\/p><\/div>\n\n<style type=\"text\/css\" data-created_by=\"avia_inline_auto\" id=\"style-css-av-9zek7-2da0096ef9a115bb6b661d157d453f7a\">\n.flex_column.av-9zek7-2da0096ef9a115bb6b661d157d453f7a{\nborder-radius:0px 0px 0px 0px;\n-webkit-border-radius:0px 0px 0px 0px;\n-moz-border-radius:0px 0px 0px 0px;\n}\n<\/style>\n<div class='flex_column av-9zek7-2da0096ef9a115bb6b661d157d453f7a av_two_fifth  avia-builder-el-12  el_after_av_three_fifth  avia-builder-el-last  flex_column_div av-zero-column-padding column-top-margin'   ><p>\n<style type=\"text\/css\" data-created_by=\"avia_inline_auto\" id=\"style-css-av-jp46eya0-1af6a6aae4ee546179fcdd4b75912a4a\">\n.avia-image-container.av-jp46eya0-1af6a6aae4ee546179fcdd4b75912a4a .av-image-caption-overlay-center{\ncolor:#ffffff;\n}\n<\/style>\n<div  class='avia-image-container av-jp46eya0-1af6a6aae4ee546179fcdd4b75912a4a av-styling- avia-align-right  avia-builder-el-13  el_before_av_hr  avia-builder-el-first '  itemprop=\"image\" itemscope=\"itemscope\" itemtype=\"https:\/\/schema.org\/ImageObject\" ><div class=\"avia-image-container-inner\"><div class=\"avia-image-overlay-wrap\"><a href=\"https:\/\/www.toni-alm.at\/wp-content\/uploads\/2021\/10\/Toni-Alm-Lage.jpg\" data-srcset=\"https:\/\/www.toni-alm.at\/wp-content\/uploads\/2021\/10\/Toni-Alm-Lage.jpg 379w, https:\/\/www.toni-alm.at\/wp-content\/uploads\/2021\/10\/Toni-Alm-Lage-219x300.jpg 219w\" data-sizes=\"(max-width: 379px) 100vw, 379px\" class='avia_image' ><img decoding=\"async\" width=\"219\" height=\"300\" class='wp-image-1424 avia-img-lazy-loading-not-1424 avia_image' src=\"https:\/\/www.toni-alm.at\/wp-content\/uploads\/2021\/10\/Toni-Alm-Lage-219x300.jpg\" alt='' title='Toni-Alm-Lage'  itemprop=\"thumbnailUrl\" srcset=\"https:\/\/www.toni-alm.at\/wp-content\/uploads\/2021\/10\/Toni-Alm-Lage-219x300.jpg 219w, https:\/\/www.toni-alm.at\/wp-content\/uploads\/2021\/10\/Toni-Alm-Lage.jpg 379w\" sizes=\"(max-width: 219px) 100vw, 219px\" \/><\/a><\/div><\/div><\/div><br \/>\n\n<style type=\"text\/css\" data-created_by=\"avia_inline_auto\" id=\"style-css-av-ldvtbkdq-2d44a34419abd8fc761b278efa2b46d6\">\n#top .hr.hr-invisible.av-ldvtbkdq-2d44a34419abd8fc761b278efa2b46d6{\nheight:50px;\n}\n<\/style>\n<div  class='hr av-ldvtbkdq-2d44a34419abd8fc761b278efa2b46d6 hr-invisible  avia-builder-el-14  el_after_av_image  el_before_av_button '><span class='hr-inner '><span class=\"hr-inner-style\"><\/span><\/span><\/div><br \/>\n<div  class='avia-button-wrap avia-button-center  avia-builder-el-15  el_after_av_hr  avia-builder-el-last ' ><a href='https:\/\/www.google.com\/maps\/d\/viewer?mid=1j4ZcPXfqqxNUDiLa-8gPE47unWFCiSw&ll=47.304509000593214%2C12.408585539441924&z=15' class='avia-button av-ldvtb312-876483f0446111c3e88e9e76badd26ff avia-icon_select-yes-left-icon avia-size-large avia-position-center avia-color-theme-color' target=\"_blank\" rel=\"noopener noreferrer\"><span class='avia_button_icon avia_button_icon_left' aria-hidden='true' data-av_icon='\ue842' data-av_iconfont='entypo-fontello'><\/span><span class='avia_iconbox_title' >Google Map<\/span><\/a><\/div><\/p><\/div>\n","protected":false},"excerpt":{"rendered":"","protected":false},"author":1,"featured_media":0,"parent":0,"menu_order":0,"comment_status":"closed","ping_status":"closed","template":"","meta":{"footnotes":""},"class_list":["post-375","page","type-page","status-publish","hentry"],"_links":{"self":[{"href":"https:\/\/www.toni-alm.at\/de\/wp-json\/wp\/v2\/pages\/375","targetHints":{"allow":["GET"]}}],"collection":[{"href":"https:\/\/www.toni-alm.at\/de\/wp-json\/wp\/v2\/pages"}],"about":[{"href":"https:\/\/www.toni-alm.at\/de\/wp-json\/wp\/v2\/types\/page"}],"author":[{"embeddable":true,"href":"https:\/\/www.toni-alm.at\/de\/wp-json\/wp\/v2\/users\/1"}],"replies":[{"embeddable":true,"href":"https:\/\/www.toni-alm.at\/de\/wp-json\/wp\/v2\/comments?post=375"}],"version-history":[{"count":6,"href":"https:\/\/www.toni-alm.at\/de\/wp-json\/wp\/v2\/pages\/375\/revisions"}],"predecessor-version":[{"id":1495,"href":"https:\/\/www.toni-alm.at\/de\/wp-json\/wp\/v2\/pages\/375\/revisions\/1495"}],"wp:attachment":[{"href":"https:\/\/www.toni-alm.at\/de\/wp-json\/wp\/v2\/media?parent=375"}],"curies":[{"name":"wp","href":"https:\/\/api.w.org\/{rel}","templated":true}]}}