{"id":777,"date":"2018-12-18T19:14:37","date_gmt":"2018-12-18T18:14:37","guid":{"rendered":"https:\/\/www.toni-alm.at\/?page_id=777"},"modified":"2025-11-05T15:16:26","modified_gmt":"2025-11-05T14:16:26","slug":"impressum","status":"publish","type":"page","link":"https:\/\/www.toni-alm.at\/de\/impressum\/","title":{"rendered":"Impressum"},"content":{"rendered":"\n<style type=\"text\/css\" data-created_by=\"avia_inline_auto\" id=\"style-css-av-9jc61-ad445de272b6ba83b43e4510ee1cc3bf\">\n.flex_column.av-9jc61-ad445de272b6ba83b43e4510ee1cc3bf{\nborder-radius:0px 0px 0px 0px;\n-webkit-border-radius:0px 0px 0px 0px;\n-moz-border-radius:0px 0px 0px 0px;\n}\n<\/style>\n<div class='flex_column av-9jc61-ad445de272b6ba83b43e4510ee1cc3bf av_one_full  avia-builder-el-0  avia-builder-el-no-sibling  first flex_column_div av-zero-column-padding '   ><p>\n<style type=\"text\/css\" data-created_by=\"avia_inline_auto\" id=\"style-css-av-b52vd-cc9d4e4a64602618ff65ddd054843d82\">\n#top .av-special-heading.av-b52vd-cc9d4e4a64602618ff65ddd054843d82{\npadding-bottom:10px;\n}\nbody .av-special-heading.av-b52vd-cc9d4e4a64602618ff65ddd054843d82 .av-special-heading-tag .heading-char{\nfont-size:25px;\n}\n.av-special-heading.av-b52vd-cc9d4e4a64602618ff65ddd054843d82 .av-subheading{\nfont-size:15px;\n}\n<\/style>\n<div  class='av-special-heading av-b52vd-cc9d4e4a64602618ff65ddd054843d82 av-special-heading-h1  avia-builder-el-1  el_before_av_hr  avia-builder-el-first '><h1 class='av-special-heading-tag'  itemprop=\"headline\"  >INFORMATIONSPFLICHT LT. \u00a75 E-COMMERCE GESETZ, \u00a714 UNTERNEHMENSGESETZBUCH BZW. \u00a763 GEWERBEORDNUNG UND OFFENLEGUNGSPFLICHT LT. \u00a725 MEDIENGESETZ<\/h1><div class=\"special-heading-border\"><div class=\"special-heading-inner-border\"><\/div><\/div><\/div><br \/>\n\n<style type=\"text\/css\" data-created_by=\"avia_inline_auto\" id=\"style-css-av-jpu2sxas-274ff1d7979bfa1b9d7878f578591c88\">\n#top .hr.hr-invisible.av-jpu2sxas-274ff1d7979bfa1b9d7878f578591c88{\nheight:50px;\n}\n<\/style>\n<div  class='hr av-jpu2sxas-274ff1d7979bfa1b9d7878f578591c88 hr-invisible  avia-builder-el-2  el_after_av_heading  el_before_av_textblock '><span class='hr-inner '><span class=\"hr-inner-style\"><\/span><\/span><\/div><br \/>\n<section  class='av_textblock_section av-jptz8clu-af2130c37b71d555afe2729c6b845f02'  itemscope=\"itemscope\" itemtype=\"https:\/\/schema.org\/CreativeWork\" ><div class='avia_textblock'  itemprop=\"text\" ><p><strong>Toni Alm Linda Hofer e.U.<\/strong><br \/>\nSonnberg 51\/1<br \/>\n5733 Bramberg am Wildkogel<br \/>\n\u00d6sterreich<\/p>\n<p><strong>Email<\/strong>: <a href=\"mailto:info@toni-alm.at\">info@toni-alm.at<\/a><br \/>\n<strong>Tel<\/strong>: <a href=\"tel:00436645380168\">+43 664 538 01 68<\/a><\/p>\n<p><strong>Unternehmensgegenstand<\/strong>: Gastgewerbe &#8211; Restaurant, Bar<br \/>\n<strong>UID<\/strong>:\u00a0ATU79995668<br \/>\n<strong>Firmensitz<\/strong>: 5733 Bramberg am Wildkogel<\/p>\n<p><strong>Wirtschaftskammer<\/strong>: Wirtschaftskammer Salzburg, FG Gastronomie<br \/>\n<strong>Anwendbare Rechtsvorschriften<\/strong>: Gewerbeordnung: Rechtsinformationssystem des Bundes\u00a0<a href=\"https:\/\/www.ris.bka.gv.at\/\" target=\"_blank\" rel=\"noopener\">https:\/\/www.ris.bka.gv.at\/<\/a><br \/>\n<strong>Aufsichtsbeh\u00f6rde<\/strong>: Bezirkshauptmannschaft Zell am See<br \/>\n<strong>Verleihungsstaat<\/strong>: \u00d6sterreich<br \/>\n<strong>Gerichtsstand<\/strong>: Zell am See<\/p>\n<p><a href=\"https:\/\/www.wkoecg.at\/Web\/Ecg.aspx?FirmaID=69a70c86-9756-47f1-a18d-10154ad53d1f\" target=\"_blank\" rel=\"noopener\"><img decoding=\"async\" class=\"lazyloaded alignnone\" src=\"https:\/\/www.wkoecg.at\/Web\/Library\/img\/ecg.gif\" alt=\"Informationen zu E-Commerce und Mediengesetz\" width=\"169\" height=\"23\" data-lazy-src=\"https:\/\/www.wkoecg.at\/Web\/Library\/img\/ecg.gif\" data-was-processed=\"true\" \/><\/a><\/p>\n<p><strong>Konzeption und Umsetzung<\/strong><\/p>\n<p><strong>alpWeb e.U.<\/strong><br \/>\nMichael Riedmann<\/p>\n<p><strong>Email:<\/strong> <a href=\"mailto:info@alpweb.at\">info@alpweb.at\u00a0<\/a><br \/>\n<strong>Web:<\/strong> <a href=\"https:\/\/www.alpweb.at\" target=\"_blank\" rel=\"noopener\">www.alpweb.at<\/a><\/p>\n<p><strong>Urheberrecht<\/strong><\/p>\n<p>Der Inhalt dieser Website ist urheberrechtlich gesch\u00fctzt. Die Bereitstellung von Inhalten und Bildmaterial dieser Website auf anderen Websites ist nur mit ausdr\u00fccklicher Genehmigung des Herausgebers gestattet. Die auf dieser Website enthaltenen Angaben werden nach bestem Wissen erstellt und mit gro\u00dfer Sorgfalt auf ihre Richtigkeit \u00fcberpr\u00fcft. Trotzdem sind inhaltliche und sachliche Fehler nicht vollst\u00e4ndig auszuschlie\u00dfen. Unser Unternehmen \u00fcbernimmt keinerlei Garantie und Haftung f\u00fcr die Richtigkeit, Aktualit\u00e4t und Vollst\u00e4ndigkeit der bereitgestellten Informationen. Alle Angaben sind ohne Gew\u00e4hr.<\/p>\n<p><strong>Haftungsausschluss<\/strong><\/p>\n<p>Der Autor bzw. Betreiber dieser Webseiten ist bestrebt, die darin angebotenen Informationen nach bestem Wissen und Gewissen aktuell, vollst\u00e4ndig und richtig darzustellen und aktuell zu halten. Dennoch wird jegliche Haftung f\u00fcr Sch\u00e4den und sonstige wie immer geartete Nachteile ausgeschlossen, die sich aus der Nutzung (oder Nichtnutzung) der angebotenen Informationen ergeben k\u00f6nnen \u2013 dies auch und insbesondere dann, wenn diese Sch\u00e4den\/Nachteile auf die Nutzung von allenfalls nicht aktuellen, unvollst\u00e4ndigen bzw. fehlerhaften Informationen zur\u00fcckzuf\u00fchren sind. Dies gilt dann nicht, wenn seitens des Autors bzw. Betreibers ein vors\u00e4tzliches oder grob fahrl\u00e4ssiges Verhalten vorliegt.<\/p>\n<p>Verweise auf fremde Webseiten (Links, Hyperlinks) liegen au\u00dferhalb des Verantwortungsbereiches des Autors und Betreibers. F\u00fcr Inhalte externer Internetseiten wird demgem\u00e4\u00df keine wie immer geartete Verantwortung bzw. Haftung \u00fcbernommen; insbesondere wird jede Haftung f\u00fcr deren Aussagen, Gestaltung und Inhalte ausgeschlossen, zumal kein Einfluss auf Inhalte und Gestaltung von gelinkten Seiten besteht. F\u00fcr Inhalte von Seiten, auf welche von Seiten dieser Webseiten verwiesen wird, haftet somit allein der Anbieter dieser fremden Webseiten \u2013 niemals jedoch derjenige, der durch einen Link auf fremde Publikationen und Inhalte verweist. Sollten gelinkte Seiten (insbesondere durch Ver\u00e4nderung der Inhalte nach dem Setzen des Links) illegale, fehlerhafte, unvollst\u00e4ndige, beleidigende oder sittenwidrige Informationen beinhalten und gelangen derartige Inhalte von gelinkten Seiten zur Kenntnis, so wird der Link auf derartige Seiten unverz\u00fcglich unterbunden.<\/p>\n<p>Zudem wird keine wie immer geartete Haftung und Verantwortung f\u00fcr fremde Websites \u00fcbernommen, von denen durch Hyperlinks auf unsere Website verwiesen wird. Eine laufende Kontrolle von Seiten, zu denen man durch Hyperlinks gelangen kann oder von denen durch Hyperlinks auf unsere Website verwiesen wird, erfolgt nicht. Wir machen uns den Inhalt von Seiten, zu denen man von unserer Website durch Hyperlinks gelangen kann oder von denen durch Hyperlinks auf unsere Website verwiesen wird, auch nicht zu eigen.<\/p>\n<p><strong>Quellenangaben Bilder<\/strong><\/p>\n<p>Eigene Bilder<br \/>\nTexte, Bilder und Grafiken dieser Seite d\u00fcrfen nur nach ausdr\u00fccklicher Genehmigung der Eigent\u00fcmer verwendet werden.<\/p>\n<p><strong>Datenschutz<\/strong><\/p>\n<p>Unsere Datenschutzerkl\u00e4rung finden Sie hier:\u00a0<a href=\"https:\/\/www.toni-alm.at\/datenschutz\" target=\"_blank\" rel=\"noopener\">https:\/\/www.toni-alm.at\/datenschutz<\/a><\/p>\n<\/div><\/section><\/p><\/div>\n","protected":false},"excerpt":{"rendered":"","protected":false},"author":1,"featured_media":0,"parent":0,"menu_order":0,"comment_status":"closed","ping_status":"closed","template":"","meta":{"footnotes":""},"class_list":["post-777","page","type-page","status-publish","hentry"],"_links":{"self":[{"href":"https:\/\/www.toni-alm.at\/de\/wp-json\/wp\/v2\/pages\/777","targetHints":{"allow":["GET"]}}],"collection":[{"href":"https:\/\/www.toni-alm.at\/de\/wp-json\/wp\/v2\/pages"}],"about":[{"href":"https:\/\/www.toni-alm.at\/de\/wp-json\/wp\/v2\/types\/page"}],"author":[{"embeddable":true,"href":"https:\/\/www.toni-alm.at\/de\/wp-json\/wp\/v2\/users\/1"}],"replies":[{"embeddable":true,"href":"https:\/\/www.toni-alm.at\/de\/wp-json\/wp\/v2\/comments?post=777"}],"version-history":[{"count":7,"href":"https:\/\/www.toni-alm.at\/de\/wp-json\/wp\/v2\/pages\/777\/revisions"}],"predecessor-version":[{"id":1808,"href":"https:\/\/www.toni-alm.at\/de\/wp-json\/wp\/v2\/pages\/777\/revisions\/1808"}],"wp:attachment":[{"href":"https:\/\/www.toni-alm.at\/de\/wp-json\/wp\/v2\/media?parent=777"}],"curies":[{"name":"wp","href":"https:\/\/api.w.org\/{rel}","templated":true}]}}