{"id":841,"date":"2019-03-18T09:14:42","date_gmt":"2019-03-18T08:14:42","guid":{"rendered":"https:\/\/www.toni-alm.at\/?page_id=841"},"modified":"2023-04-04T09:06:27","modified_gmt":"2023-04-04T07:06:27","slug":"vip-helicopter-von-sennair","status":"publish","type":"page","link":"https:\/\/www.toni-alm.at\/de\/events\/vip-helicopter-von-sennair\/","title":{"rendered":"VIP Helicopter von Sennair"},"content":{"rendered":"\n<style type=\"text\/css\" data-created_by=\"avia_inline_auto\" id=\"style-css-av-19tjd5-51f06728c3a37f1e414ca557d1bff7d1\">\n.flex_column.av-19tjd5-51f06728c3a37f1e414ca557d1bff7d1{\nborder-radius:0px 0px 0px 0px;\n-webkit-border-radius:0px 0px 0px 0px;\n-moz-border-radius:0px 0px 0px 0px;\n}\n<\/style>\n<div class='flex_column av-19tjd5-51f06728c3a37f1e414ca557d1bff7d1 av_one_full  avia-builder-el-0  el_before_av_one_third  avia-builder-el-first  first flex_column_div av-zero-column-padding '   ><p>\n<style type=\"text\/css\" data-created_by=\"avia_inline_auto\" id=\"style-css-av-6zint-289e23c613aac8db7c08bf1b1eb9c89e\">\n#top .av-special-heading.av-6zint-289e23c613aac8db7c08bf1b1eb9c89e{\npadding-bottom:10px;\n}\nbody .av-special-heading.av-6zint-289e23c613aac8db7c08bf1b1eb9c89e .av-special-heading-tag .heading-char{\nfont-size:25px;\n}\n.av-special-heading.av-6zint-289e23c613aac8db7c08bf1b1eb9c89e .av-subheading{\nfont-size:15px;\n}\n<\/style>\n<div  class='av-special-heading av-6zint-289e23c613aac8db7c08bf1b1eb9c89e av-special-heading-h1  avia-builder-el-1  el_before_av_textblock  avia-builder-el-first '><h1 class='av-special-heading-tag'  itemprop=\"headline\"  >Zur Toni Alm mit dem VIP Helicopter von Sennair<\/h1><div class=\"special-heading-border\"><div class=\"special-heading-inner-border\"><\/div><\/div><\/div><br \/>\n<section  class='av_textblock_section av-jte2gwtb-3fc4b69bed2dd056f86f79711d53b1df'  itemscope=\"itemscope\" itemtype=\"https:\/\/schema.org\/CreativeWork\" ><div class='avia_textblock'  itemprop=\"text\" ><p>Die wohl exklusivste Anreise zur Toni Alm bietet Ihnen unser Partner Sennair Helicopter. Dabei k\u00f6nnen Sie die Region der Kitzb\u00fcheler Alpen bestaunen und in unmittelbarer N\u00e4he zu unserer Alm landen. Sie bewundern die imposante Landschaft vom Helicopter aus in einem anderen Blickwinkel und dies nat\u00fcrlich stress- und staufrei. Der Hubschrauber landet direkt neben der Toni Alm, wo Sie sich von uns kulinarisch verw\u00f6hnen lassen k\u00f6nnen. Danach geht es mit dem Helikopter wieder zur\u00fcck zu Ihrem Ausgangspunkt oder zu einem weiteren Ziel Ihrer Wahl.<\/p>\n<p><strong>Weitere \u00a0M\u00f6glichkeiten:<\/strong><\/p>\n<p>Sie kommen mit den Skiern zu uns, nach einem gem\u00fctlichen Aufenthalt holt Sie der Helicopter von Sennair bei uns ab und bringt Sie zu Ihrer Wunschdestination,\u00a0z.B.: Flughafen M\u00fcnchen, Flughafen Salzburg, oder einfach zur\u00fcck nach Kitzb\u00fchel. Ihre Skiausr\u00fcstung nimmt der Helicopter nat\u00fcrlich auch mit.<\/p>\n<p>Oder Sie \u00fcberraschen Ihre Liebesten mit einem Rundflug direkt von der Toni Alm.<\/p>\n<p>Unser Team und unser Partner Sennair Helicopter haben f\u00fcr Sie das passende Angebot.<\/p>\n<\/div><\/section><\/p><\/div>\n<style type=\"text\/css\" data-created_by=\"avia_inline_auto\" id=\"style-css-av-11uo7d-7e7da73b334204554a4ab0ed907e6782\">\n.flex_column.av-11uo7d-7e7da73b334204554a4ab0ed907e6782{\nborder-radius:0px 0px 0px 0px;\n-webkit-border-radius:0px 0px 0px 0px;\n-moz-border-radius:0px 0px 0px 0px;\n}\n<\/style>\n<div class='flex_column av-11uo7d-7e7da73b334204554a4ab0ed907e6782 av_one_third  avia-builder-el-3  el_after_av_one_full  el_before_av_one_third  first flex_column_div av-zero-column-padding column-top-margin'   ><section  class='av_textblock_section av-jte2gs7c-42cb3c8f14f103e101ee173160cda6bf'  itemscope=\"itemscope\" itemtype=\"https:\/\/schema.org\/CreativeWork\" ><div class='avia_textblock'  itemprop=\"text\" ><p>Kontakt:<\/p>\n<p><strong>SennAir Helicopter<\/strong><\/p>\n<p>Tel. +43 664 155 11 41<\/p>\n<p>Mail: <a href=\"mailto:info@sennair.at\">info@sennair.at<\/a><\/p>\n<p>Web: <a href=\"http:\/\/www.sennair.at\" target=\"_blank\" rel=\"noopener\">www.sennair.at<\/a><\/p>\n<\/div><\/section><\/div><\/p>\n\n<style type=\"text\/css\" data-created_by=\"avia_inline_auto\" id=\"style-css-av-v7vr5-a2819f1ea69e535d2c5dba6b58a022de\">\n.flex_column.av-v7vr5-a2819f1ea69e535d2c5dba6b58a022de{\nborder-radius:0px 0px 0px 0px;\n-webkit-border-radius:0px 0px 0px 0px;\n-moz-border-radius:0px 0px 0px 0px;\n}\n<\/style>\n<div class='flex_column av-v7vr5-a2819f1ea69e535d2c5dba6b58a022de av_one_third  avia-builder-el-5  el_after_av_one_third  el_before_av_one_third  flex_column_div av-zero-column-padding column-top-margin'   ><style type=\"text\/css\" data-created_by=\"avia_inline_auto\" id=\"style-css-av-jte2hcdb-a445524bb39348df02558fd0968dff60\">\n.avia-image-container.av-jte2hcdb-a445524bb39348df02558fd0968dff60 .av-image-caption-overlay-center{\ncolor:#ffffff;\n}\n<\/style>\n<div  class='avia-image-container av-jte2hcdb-a445524bb39348df02558fd0968dff60 av-styling- avia-align-center  avia-builder-el-6  avia-builder-el-no-sibling '  itemprop=\"image\" itemscope=\"itemscope\" itemtype=\"https:\/\/schema.org\/ImageObject\" ><div class=\"avia-image-container-inner\"><div class=\"avia-image-overlay-wrap\"><img decoding=\"async\" class='wp-image-843 avia-img-lazy-loading-not-843 avia_image' src=\"https:\/\/www.toni-alm.at\/wp-content\/uploads\/2019\/03\/Sennair-Helicopter.png\" alt='Sennair-Helicopter' title='Sennair-Helicopter'  height=\"234\" width=\"195\"  itemprop=\"thumbnailUrl\"  \/><\/div><\/div><\/div><\/div>\n\n<style type=\"text\/css\" data-created_by=\"avia_inline_auto\" id=\"style-css-av-pvteh-7826b527f8207b764a2d5ac0e4a8dd83\">\n.flex_column.av-pvteh-7826b527f8207b764a2d5ac0e4a8dd83{\nborder-radius:0px 0px 0px 0px;\n-webkit-border-radius:0px 0px 0px 0px;\n-moz-border-radius:0px 0px 0px 0px;\n}\n<\/style>\n<div class='flex_column av-pvteh-7826b527f8207b764a2d5ac0e4a8dd83 av_one_third  avia-builder-el-7  el_after_av_one_third  el_before_av_one_third  flex_column_div av-zero-column-padding column-top-margin'   ><\/div>\n\n<style type=\"text\/css\" data-created_by=\"avia_inline_auto\" id=\"style-css-av-l7a9t-6762012f34357aa3cea9c0158b893d9b\">\n.flex_column.av-l7a9t-6762012f34357aa3cea9c0158b893d9b{\nborder-radius:0px 0px 0px 0px;\n-webkit-border-radius:0px 0px 0px 0px;\n-moz-border-radius:0px 0px 0px 0px;\n}\n<\/style>\n<div class='flex_column av-l7a9t-6762012f34357aa3cea9c0158b893d9b av_one_third  avia-builder-el-8  el_after_av_one_third  el_before_av_one_third  first flex_column_div av-zero-column-padding column-top-margin'   ><style type=\"text\/css\" data-created_by=\"avia_inline_auto\" id=\"style-css-av-jte2hcdb-26d345d5b4d4812b7dbd87ac6deb6047\">\n.avia-image-container.av-jte2hcdb-26d345d5b4d4812b7dbd87ac6deb6047 .av-image-caption-overlay-center{\ncolor:#ffffff;\n}\n<\/style>\n<div  class='avia-image-container av-jte2hcdb-26d345d5b4d4812b7dbd87ac6deb6047 av-styling- avia-align-center  avia-builder-el-9  avia-builder-el-no-sibling '  itemprop=\"image\" itemscope=\"itemscope\" itemtype=\"https:\/\/schema.org\/ImageObject\" ><div class=\"avia-image-container-inner\"><div class=\"avia-image-overlay-wrap\"><img decoding=\"async\" class='wp-image-849 avia-img-lazy-loading-not-849 avia_image' src=\"https:\/\/www.toni-alm.at\/wp-content\/uploads\/2019\/03\/Sennair-Helicopter-300x225.jpg\" alt='Sennair-Helicopter' title='Sennair-Helicopter'  height=\"225\" width=\"300\"  itemprop=\"thumbnailUrl\" srcset=\"https:\/\/www.toni-alm.at\/wp-content\/uploads\/2019\/03\/Sennair-Helicopter-300x225.jpg 300w, https:\/\/www.toni-alm.at\/wp-content\/uploads\/2019\/03\/Sennair-Helicopter-1030x773.jpg 1030w, https:\/\/www.toni-alm.at\/wp-content\/uploads\/2019\/03\/Sennair-Helicopter-768x576.jpg 768w, https:\/\/www.toni-alm.at\/wp-content\/uploads\/2019\/03\/Sennair-Helicopter-705x529.jpg 705w, https:\/\/www.toni-alm.at\/wp-content\/uploads\/2019\/03\/Sennair-Helicopter.jpg 1200w\" sizes=\"(max-width: 300px) 100vw, 300px\" \/><\/div><\/div><\/div><\/div>\n\n<style type=\"text\/css\" data-created_by=\"avia_inline_auto\" id=\"style-css-av-ezbrt-5e053bef187125e45b09134bad5872b6\">\n.flex_column.av-ezbrt-5e053bef187125e45b09134bad5872b6{\nborder-radius:0px 0px 0px 0px;\n-webkit-border-radius:0px 0px 0px 0px;\n-moz-border-radius:0px 0px 0px 0px;\n}\n<\/style>\n<div class='flex_column av-ezbrt-5e053bef187125e45b09134bad5872b6 av_one_third  avia-builder-el-10  el_after_av_one_third  el_before_av_one_third  flex_column_div av-zero-column-padding column-top-margin'   ><style type=\"text\/css\" data-created_by=\"avia_inline_auto\" id=\"style-css-av-jte2hcdb-edaa45cf40dd1c7506e87cd2741edf12\">\n.avia-image-container.av-jte2hcdb-edaa45cf40dd1c7506e87cd2741edf12 .av-image-caption-overlay-center{\ncolor:#ffffff;\n}\n<\/style>\n<div  class='avia-image-container av-jte2hcdb-edaa45cf40dd1c7506e87cd2741edf12 av-styling- avia-align-center  avia-builder-el-11  avia-builder-el-no-sibling '  itemprop=\"image\" itemscope=\"itemscope\" itemtype=\"https:\/\/schema.org\/ImageObject\" ><div class=\"avia-image-container-inner\"><div class=\"avia-image-overlay-wrap\"><img decoding=\"async\" class='wp-image-851 avia-img-lazy-loading-not-851 avia_image' src=\"https:\/\/www.toni-alm.at\/wp-content\/uploads\/2019\/03\/Sennair-Helicopter2-300x225.jpg\" alt='' title='Sennair-Helicopter'  height=\"225\" width=\"300\"  itemprop=\"thumbnailUrl\" srcset=\"https:\/\/www.toni-alm.at\/wp-content\/uploads\/2019\/03\/Sennair-Helicopter2-300x225.jpg 300w, https:\/\/www.toni-alm.at\/wp-content\/uploads\/2019\/03\/Sennair-Helicopter2-1030x773.jpg 1030w, https:\/\/www.toni-alm.at\/wp-content\/uploads\/2019\/03\/Sennair-Helicopter2-768x576.jpg 768w, https:\/\/www.toni-alm.at\/wp-content\/uploads\/2019\/03\/Sennair-Helicopter2-705x529.jpg 705w, https:\/\/www.toni-alm.at\/wp-content\/uploads\/2019\/03\/Sennair-Helicopter2.jpg 1200w\" sizes=\"(max-width: 300px) 100vw, 300px\" \/><\/div><\/div><\/div><\/div>\n\n<style type=\"text\/css\" data-created_by=\"avia_inline_auto\" id=\"style-css-av-bul4p-ac9808f146fcc7b24a2936ebd0984de0\">\n.flex_column.av-bul4p-ac9808f146fcc7b24a2936ebd0984de0{\nborder-radius:0px 0px 0px 0px;\n-webkit-border-radius:0px 0px 0px 0px;\n-moz-border-radius:0px 0px 0px 0px;\n}\n<\/style>\n<div class='flex_column av-bul4p-ac9808f146fcc7b24a2936ebd0984de0 av_one_third  avia-builder-el-12  el_after_av_one_third  avia-builder-el-last  flex_column_div av-zero-column-padding column-top-margin'   ><style type=\"text\/css\" data-created_by=\"avia_inline_auto\" id=\"style-css-av-jte2hcdb-67037405c1b7bb3e53eb89be2a423ed1\">\n.avia-image-container.av-jte2hcdb-67037405c1b7bb3e53eb89be2a423ed1 .av-image-caption-overlay-center{\ncolor:#ffffff;\n}\n<\/style>\n<div  class='avia-image-container av-jte2hcdb-67037405c1b7bb3e53eb89be2a423ed1 av-styling- avia-align-center  avia-builder-el-13  avia-builder-el-no-sibling '  itemprop=\"image\" itemscope=\"itemscope\" itemtype=\"https:\/\/schema.org\/ImageObject\" ><div class=\"avia-image-container-inner\"><div class=\"avia-image-overlay-wrap\"><img decoding=\"async\" class='wp-image-847 avia-img-lazy-loading-not-847 avia_image' src=\"https:\/\/www.toni-alm.at\/wp-content\/uploads\/2019\/03\/Sennair-Helicopter3-300x225.jpg\" alt='Sennair-Helicopter' title='Sennair-Helicopter'  height=\"225\" width=\"300\"  itemprop=\"thumbnailUrl\" srcset=\"https:\/\/www.toni-alm.at\/wp-content\/uploads\/2019\/03\/Sennair-Helicopter3-300x225.jpg 300w, https:\/\/www.toni-alm.at\/wp-content\/uploads\/2019\/03\/Sennair-Helicopter3-1030x773.jpg 1030w, https:\/\/www.toni-alm.at\/wp-content\/uploads\/2019\/03\/Sennair-Helicopter3-768x576.jpg 768w, https:\/\/www.toni-alm.at\/wp-content\/uploads\/2019\/03\/Sennair-Helicopter3-705x529.jpg 705w, https:\/\/www.toni-alm.at\/wp-content\/uploads\/2019\/03\/Sennair-Helicopter3.jpg 1200w\" sizes=\"(max-width: 300px) 100vw, 300px\" \/><\/div><\/div><\/div><\/div>\n","protected":false},"excerpt":{"rendered":"","protected":false},"author":1,"featured_media":0,"parent":373,"menu_order":0,"comment_status":"closed","ping_status":"closed","template":"","meta":{"footnotes":""},"class_list":["post-841","page","type-page","status-publish","hentry"],"_links":{"self":[{"href":"https:\/\/www.toni-alm.at\/de\/wp-json\/wp\/v2\/pages\/841","targetHints":{"allow":["GET"]}}],"collection":[{"href":"https:\/\/www.toni-alm.at\/de\/wp-json\/wp\/v2\/pages"}],"about":[{"href":"https:\/\/www.toni-alm.at\/de\/wp-json\/wp\/v2\/types\/page"}],"author":[{"embeddable":true,"href":"https:\/\/www.toni-alm.at\/de\/wp-json\/wp\/v2\/users\/1"}],"replies":[{"embeddable":true,"href":"https:\/\/www.toni-alm.at\/de\/wp-json\/wp\/v2\/comments?post=841"}],"version-history":[{"count":2,"href":"https:\/\/www.toni-alm.at\/de\/wp-json\/wp\/v2\/pages\/841\/revisions"}],"predecessor-version":[{"id":1504,"href":"https:\/\/www.toni-alm.at\/de\/wp-json\/wp\/v2\/pages\/841\/revisions\/1504"}],"up":[{"embeddable":true,"href":"https:\/\/www.toni-alm.at\/de\/wp-json\/wp\/v2\/pages\/373"}],"wp:attachment":[{"href":"https:\/\/www.toni-alm.at\/de\/wp-json\/wp\/v2\/media?parent=841"}],"curies":[{"name":"wp","href":"https:\/\/api.w.org\/{rel}","templated":true}]}}