{"id":621,"date":"2018-12-18T16:29:36","date_gmt":"2018-12-18T15:29:36","guid":{"rendered":"https:\/\/www.toni-alm.at\/?page_id=621"},"modified":"2020-01-21T12:45:56","modified_gmt":"2020-01-21T11:45:56","slug":"toni-alm","status":"publish","type":"page","link":"https:\/\/www.toni-alm.at\/en\/","title":{"rendered":"Toni Alm"},"content":{"rendered":"<div id='fullscreen_slider_1'  class='avia-fullscreen-slider main_color   avia-builder-el-0  el_before_av_one_full  avia-builder-el-first   container_wrap sidebar_right'  ><a href='#next-section' title='' class='scroll-down-link av-control-default' aria-hidden='true' data-av_icon='\ue877' data-av_iconfont='entypo-fontello'><\/a><div   data-size='extra_large'  data-lightbox_size='large'  data-animation='slide'  data-conditional_play=''  data-ids=',397,1081,402,611'  data-video_counter='1'  data-autoplay='true'  data-bg_slider='true'  data-slide_height='100'  data-handle='av_fullscreen'  data-interval='6'  data-class=' '  data-el_id=''  data-css_id='fullscreen_slider_1'  data-scroll_down='aviaTBscroll_down'  data-control_layout='av-control-default'  data-custom_markup=''  data-perma_caption=''  data-autoplay_stopper=''  data-image_attachment=''  data-min_height='0px'  data-lazy_loading='disabled'  data-stretch=''  data-img_scrset=''  data-default-height='100'  class='avia-slideshow avia-slideshow-1 av-slider-scroll-down-active av-control-default av-default-height-applied avia-slideshow-extra_large av_fullscreen   avia-slide-slider '  itemprop=\"image\" itemscope=\"itemscope\" itemtype=\"https:\/\/schema.org\/ImageObject\" ><ul class='avia-slideshow-inner ' style='padding-bottom: 100%;' ><li  data-controls='aviaTBaviaTBvideo_controls' data-mute='aviaTBaviaTBvideo_mute' data-loop='' data-disable-autoplay=''  data-mobile-img='https:\/\/www.toni-alm.at\/wp-content\/uploads\/2018\/12\/Toni-Alm-Berge-1500x844.jpg' data-fallback-link='https:\/\/www.youtube.com\/watch?v=GRUKMxTRex8' class=' av-video-slide av-element-cover av-video-service-youtube  av-hide-video-controls av-mute-video av-mobile-fallback-image  slide-1 ' ><div data-rel='slideshow-1' class='avia-slide-wrap ' style='background-image:url(\"https:\/\/www.toni-alm.at\/wp-content\/uploads\/2018\/12\/Toni-Alm-Berge-1500x844.jpg\");'  ><div class='av-click-overlay'><\/div><div class='mejs-mediaelement'  itemprop=\"video\" itemtype=\"https:\/\/schema.org\/VideoObject\" ><div height='1600' width='900' class='av_youtube_frame' id='player_621_335030831_528119432'  data-autoplay='0'  data-videoid='GRUKMxTRex8'  data-hd='1'  data-rel='0'  data-wmode='opaque'  data-loop='0'  data-version='3'  data-autohide='1'  data-color='white'  data-controls='0'  data-iv_load_policy='3'  data-original_url='https:\/\/www.youtube.com\/watch?v=GRUKMxTRex8' ><\/div><\/div><div class='av-click-to-play-overlay'><div class=\"avia_playpause_icon\"><\/div><\/div><\/div><\/li><li style='background-position:center center;' data-img-url='https:\/\/www.toni-alm.at\/wp-content\/uploads\/2018\/11\/Toni-Alm-Ansicht-1500x844.jpg' class=' slide-2 ' ><div data-rel='slideshow-1' class='avia-slide-wrap '   ><div class = \"caption_fullwidth av-slideshow-caption caption_bottom\"><div class = \"container caption_container\"><div class = \"slideshow_caption\"><div class = \"slideshow_inner_caption\"><div class = \"slideshow_align_caption\"><h2  style='font-size:40px; ' class='avia-caption-title  '  itemprop=\"name\" >Wo Feste gefeiert werden und Skifahrer geniessen!<\/h2><\/div><\/div><\/div><\/div><\/div><div class='av-click-to-play-overlay'><div class=\"avia_playpause_icon\"><\/div><\/div><\/div><\/li><li style='background-position:center center;' data-img-url='https:\/\/www.toni-alm.at\/wp-content\/uploads\/2020\/01\/IMG_5978-1500x844.jpg' class=' slide-3 ' ><div data-rel='slideshow-1' class='avia-slide-wrap '   ><div class='av-click-to-play-overlay'><div class=\"avia_playpause_icon\"><\/div><\/div><\/div><\/li><li style='background-position:center center;' data-img-url='https:\/\/www.toni-alm.at\/wp-content\/uploads\/2018\/11\/Toni-Alm-Ansicht-Sommer-1500x844.jpg' class=' slide-4 ' ><div data-rel='slideshow-1' class='avia-slide-wrap '   ><div class='av-click-to-play-overlay'><div class=\"avia_playpause_icon\"><\/div><\/div><\/div><\/li><li style='background-position:center center;' data-img-url='https:\/\/www.toni-alm.at\/wp-content\/uploads\/2018\/12\/Toni-Alm-3-1500x844.jpg' class=' slide-5 ' ><div data-rel='slideshow-1' class='avia-slide-wrap '   ><div class='av-click-to-play-overlay'><div class=\"avia_playpause_icon\"><\/div><\/div><\/div><\/li><\/ul><div class='avia-slideshow-arrows avia-slideshow-controls' ><a href='#prev' class='prev-slide ' aria-hidden='true' data-av_icon='\ue87c' data-av_iconfont='entypo-fontello'  tabindex='-1'>Previous<\/a><a href='#next' class='next-slide ' aria-hidden='true' data-av_icon='\ue87d' data-av_iconfont='entypo-fontello'  tabindex='-1'>Next<\/a><\/div><div class='avia-slideshow-dots avia-slideshow-controls'><a href='#1' class='goto-slide active' >1<\/a><a href='#2' class='goto-slide ' >2<\/a><a href='#3' class='goto-slide ' >3<\/a><a href='#4' class='goto-slide ' >4<\/a><a href='#5' class='goto-slide ' >5<\/a><\/div><\/div><\/div><div id='after_full_slider_1'  class='main_color av_default_container_wrap container_wrap sidebar_right'  ><div class='container av-section-cont-open' ><div class='template-page content  av-content-small alpha units'><div class='post-entry post-entry-type-page post-entry-621'><div class='entry-content-wrapper clearfix'>\n\n<style type=\"text\/css\" data-created_by=\"avia_inline_auto\" id=\"style-css-av-oqpt-afe0186c0aeab6844c44411ad2bc8570\">\n.flex_column.av-oqpt-afe0186c0aeab6844c44411ad2bc8570{\nborder-radius:0px 0px 0px 0px;\n-webkit-border-radius:0px 0px 0px 0px;\n-moz-border-radius:0px 0px 0px 0px;\n}\n<\/style>\n<div class='flex_column av-oqpt-afe0186c0aeab6844c44411ad2bc8570 av_one_full  avia-builder-el-1  el_after_av_fullscreen  el_before_av_section  avia-builder-el-no-sibling  first flex_column_div  av-animated-generic top-to-bottom av-zero-column-padding '   ><section  class='av_textblock_section av-jp3tjnn3-5642cddc8a6a788bb60275758e35f6c6'  itemscope=\"itemscope\" itemtype=\"https:\/\/schema.org\/CreativeWork\" ><div class='avia_textblock'  itemprop=\"text\" ><h2>Welcome at the Toni Alm<\/h2>\n<p>Directly on the piste 77, the panoramic downhill Kitzb\u00fchel Alps, is a very special gem. At 1530 meters above sea level, the Toni Alm takes every winter skiers and gourmets in a very special atmosphere.<\/p>\n<p>In the traditional style ambience you will meet in the morning for the hut breakfast or for &#8220;alpine tapas&#8221; and Kaiserschmarrn as a snack in between. But also for the big hunger the kitchen of the Toni Alm offers the right thing for every taste. The <a href=\"https:\/\/www.toni-alm.at\/eat-drink\/?lang=en\">culinary hut experience<\/a> is rounded off with an exclusive selection of drinks, ranging from the in-house Toni Alm Br\u00e4u to a large selection of fine wines. In the exclusive <a href=\"https:\/\/www.toni-alm.at\/pictures-video\/lounge\/?lang=en\">Alm-Lounge<\/a> you will experience impressive views &#8211; with a panoramic view from the Gro\u00dfglockner over the Gro\u00dfvenediger to the Kitzb\u00fcheler Horn. Enjoy this magnificent mountain panorama by the crackling open fire.<\/p>\n<p>No wonder that the Toni Alm also offers the perfect stage for <a href=\"https:\/\/www.toni-alm.at\/en\/events\/?lang=en\">celebrations of all kinds<\/a> and is widely known for its professionalism and quality. Around 90 seats in the hut and another 250 on the large panoramic terrace with fantastic views of the Hohe Tauern included make every festival a mega event. Later in the day you can go to the hut either with a romantic torchlight hike or comfortably by skidoo. For the way down we recommend a fun toboggan ride.<\/p>\n<\/div><\/section><\/div>\n<\/div><\/div><\/div><!-- close content main div --><\/div><\/div>\n<style type=\"text\/css\" data-created_by=\"avia_inline_auto\" id=\"style-css-av-jp41m66b-427c0685d5d42c4e78e0101040d02dc3\">\n.avia-section.av-jp41m66b-427c0685d5d42c4e78e0101040d02dc3 .av-parallax .av-parallax-inner{\nbackground-repeat:no-repeat;\nbackground-image:url(https:\/\/www.toni-alm.at\/wp-content\/uploads\/2019\/10\/Toni-Alm-Lounge-.jpg);\nbackground-position:50% 0%;\nbackground-attachment:scroll;\n}\n<\/style>\n<div id='av_section_1'  class='avia-section av-jp41m66b-427c0685d5d42c4e78e0101040d02dc3 main_color avia-section-large avia-no-shadow  avia-builder-el-3  el_after_av_one_full  avia-builder-el-last  av-mini-hide avia-full-stretch av-parallax-section avia-bg-style-parallax av-minimum-height av-minimum-height-custom  container_wrap sidebar_right'  data-section-bg-repeat='stretch'><div class='av-parallax' data-avia-parallax-ratio='0.3' ><div class='av-parallax-inner main_color avia-full-stretch'><\/div><\/div><div class='container av-section-cont-open' style='height:500px'><div class='template-page content  av-content-small alpha units'><div class='post-entry post-entry-type-page post-entry-621'><div class='entry-content-wrapper clearfix'><\/div><\/div><\/div><!-- close content main div --><\/div><\/div><div id='after_section_1'  class='main_color av_default_container_wrap container_wrap sidebar_right'  ><div class='container av-section-cont-open' ><div class='template-page content  av-content-small alpha units'><div class='post-entry post-entry-type-page post-entry-621'><div class='entry-content-wrapper clearfix'>\n","protected":false},"excerpt":{"rendered":"","protected":false},"author":1,"featured_media":0,"parent":0,"menu_order":0,"comment_status":"closed","ping_status":"closed","template":"","meta":{"footnotes":""},"class_list":["post-621","page","type-page","status-publish","hentry"],"_links":{"self":[{"href":"https:\/\/www.toni-alm.at\/en\/wp-json\/wp\/v2\/pages\/621","targetHints":{"allow":["GET"]}}],"collection":[{"href":"https:\/\/www.toni-alm.at\/en\/wp-json\/wp\/v2\/pages"}],"about":[{"href":"https:\/\/www.toni-alm.at\/en\/wp-json\/wp\/v2\/types\/page"}],"author":[{"embeddable":true,"href":"https:\/\/www.toni-alm.at\/en\/wp-json\/wp\/v2\/users\/1"}],"replies":[{"embeddable":true,"href":"https:\/\/www.toni-alm.at\/en\/wp-json\/wp\/v2\/comments?post=621"}],"version-history":[{"count":0,"href":"https:\/\/www.toni-alm.at\/en\/wp-json\/wp\/v2\/pages\/621\/revisions"}],"wp:attachment":[{"href":"https:\/\/www.toni-alm.at\/en\/wp-json\/wp\/v2\/media?parent=621"}],"curies":[{"name":"wp","href":"https:\/\/api.w.org\/{rel}","templated":true}]}}